{"id":493,"date":"2025-01-31T08:32:10","date_gmt":"2025-01-31T07:32:10","guid":{"rendered":"https:\/\/divainers.com\/producto\/divain-784\/"},"modified":"2026-04-30T16:23:35","modified_gmt":"2026-04-30T14:23:35","slug":"divain-784","status":"publish","type":"product","link":"https:\/\/divainers.com\/el\/producto\/divain-784\/","title":{"rendered":"divain.784"},"content":{"rendered":"<p>Tato \u017eensk\u00e1 v\u016fn\u011b za\u010d\u00edn\u00e1 sv\u011b\u017e\u00edm a kv\u011btinov\u00fdm \u00favodem, kde se jasm\u00edn, kv\u011bt pomeran\u010dovn\u00edku a broskev spojuj\u00ed, aby nab\u00eddly ovocn\u00fd a jemn\u00fd pocit. V srdci v\u016fn\u011b jasmin sambac, gard\u00e9nie a r\u016f\u017ee p\u0159in\u00e1\u0161ej\u00ed bohatou kv\u011btinovou hloubku, kter\u00e1 obklopuje smysly sofistikovan\u00fdm z\u00e1\u017eitkem. Z\u00e1klad tvo\u0159\u00ed pi\u017emo, kv\u011bt pomeran\u010dovn\u00edku, pralinka, kosatec a santalov\u00e9 d\u0159evo, kter\u00e9 dod\u00e1vaj\u00ed hloubku a teplo, dokon\u010duj\u00edc\u00ed kompozici evokuj\u00edc\u00ed modern\u00ed p\u016fvab a \u017eenskost.<\/p>\n","protected":false},"excerpt":{"rendered":"<p>P\u0159ipom\u00edn\u00e1 Wind Flowers od Creed<\/p>\n","protected":false},"featured_media":16043,"comment_status":"open","ping_status":"closed","template":"","meta":[],"product_brand":[],"product_cat":[2277],"product_tag":[1444],"class_list":{"0":"post-493","1":"product","2":"type-product","3":"status-publish","4":"has-post-thumbnail","6":"product_cat-creed","7":"product_tag-kvinner","9":"first","10":"instock","11":"shipping-taxable","12":"product-type-simple"},"_links":{"self":[{"href":"https:\/\/divainers.com\/el\/wp-json\/wp\/v2\/product\/493","targetHints":{"allow":["GET"]}}],"collection":[{"href":"https:\/\/divainers.com\/el\/wp-json\/wp\/v2\/product"}],"about":[{"href":"https:\/\/divainers.com\/el\/wp-json\/wp\/v2\/types\/product"}],"replies":[{"embeddable":true,"href":"https:\/\/divainers.com\/el\/wp-json\/wp\/v2\/comments?post=493"}],"wp:featuredmedia":[{"embeddable":true,"href":"https:\/\/divainers.com\/el\/wp-json\/wp\/v2\/media\/16043"}],"wp:attachment":[{"href":"https:\/\/divainers.com\/el\/wp-json\/wp\/v2\/media?parent=493"}],"wp:term":[{"taxonomy":"product_brand","embeddable":true,"href":"https:\/\/divainers.com\/el\/wp-json\/wp\/v2\/product_brand?post=493"},{"taxonomy":"product_cat","embeddable":true,"href":"https:\/\/divainers.com\/el\/wp-json\/wp\/v2\/product_cat?post=493"},{"taxonomy":"product_tag","embeddable":true,"href":"https:\/\/divainers.com\/el\/wp-json\/wp\/v2\/product_tag?post=493"}],"curies":[{"name":"wp","href":"https:\/\/api.w.org\/{rel}","templated":true}]}}