{"id":5184,"date":"2025-11-21T09:16:44","date_gmt":"2025-11-21T08:16:44","guid":{"rendered":"https:\/\/divainers.com\/?post_type=product&#038;p=5184"},"modified":"2026-03-16T16:08:39","modified_gmt":"2026-03-16T15:08:39","slug":"divain-1070","status":"publish","type":"product","link":"https:\/\/divainers.com\/el\/producto\/divain-1070\/","title":{"rendered":"divain.1070"},"content":{"rendered":"<p>Evoca una sensaci\u00f3n de pureza y serenidad, con un car\u00e1cter suave y elegante que transmite naturalidad y equilibrio. Una fragancia \u00edntima y luminosa, ideal para quienes buscan expresar autenticidad con sutileza y encanto.<\/p>\n","protected":false},"excerpt":{"rendered":"<p>Recuerda a Q Parfum Dolce &amp; Gabbana<\/p>\n","protected":false},"featured_media":5186,"comment_status":"open","ping_status":"closed","template":"","meta":[],"product_brand":[],"product_cat":[1501],"product_tag":[],"class_list":{"0":"post-5184","1":"product","2":"type-product","3":"status-publish","4":"has-post-thumbnail","6":"product_cat-dolce-gabbana","8":"first","9":"instock","10":"shipping-taxable","11":"product-type-simple"},"_links":{"self":[{"href":"https:\/\/divainers.com\/el\/wp-json\/wp\/v2\/product\/5184","targetHints":{"allow":["GET"]}}],"collection":[{"href":"https:\/\/divainers.com\/el\/wp-json\/wp\/v2\/product"}],"about":[{"href":"https:\/\/divainers.com\/el\/wp-json\/wp\/v2\/types\/product"}],"replies":[{"embeddable":true,"href":"https:\/\/divainers.com\/el\/wp-json\/wp\/v2\/comments?post=5184"}],"wp:featuredmedia":[{"embeddable":true,"href":"https:\/\/divainers.com\/el\/wp-json\/wp\/v2\/media\/5186"}],"wp:attachment":[{"href":"https:\/\/divainers.com\/el\/wp-json\/wp\/v2\/media?parent=5184"}],"wp:term":[{"taxonomy":"product_brand","embeddable":true,"href":"https:\/\/divainers.com\/el\/wp-json\/wp\/v2\/product_brand?post=5184"},{"taxonomy":"product_cat","embeddable":true,"href":"https:\/\/divainers.com\/el\/wp-json\/wp\/v2\/product_cat?post=5184"},{"taxonomy":"product_tag","embeddable":true,"href":"https:\/\/divainers.com\/el\/wp-json\/wp\/v2\/product_tag?post=5184"}],"curies":[{"name":"wp","href":"https:\/\/api.w.org\/{rel}","templated":true}]}}