{"id":5189,"date":"2025-11-21T09:19:18","date_gmt":"2025-11-21T08:19:18","guid":{"rendered":"https:\/\/divainers.com\/?post_type=product&#038;p=5189"},"modified":"2026-04-30T15:54:54","modified_gmt":"2026-04-30T13:54:54","slug":"divain-1072","status":"publish","type":"product","link":"https:\/\/divainers.com\/el\/producto\/divain-1072\/","title":{"rendered":"divain.1072"},"content":{"rendered":"<p>Osvaja modernim, hrabrim i punim karaktera stilom: vibrantna mje\u0161avina izme\u0111u mladena\u010dke sofisticiranosti i pomalo buntovnog duha karakteristi\u010dnog za ku\u0107u. Miris s prisutno\u0161\u0107u, upe\u010datljiv i samouvjeren, savr\u0161en za one koji tra\u017ee ne\u0161to jedinstveno i s puno osobnosti.<\/p>\n","protected":false},"excerpt":{"rendered":"<p>Podsje\u0107a na Muse od Yves Saint Laurent<\/p>\n","protected":false},"featured_media":15163,"comment_status":"open","ping_status":"closed","template":"","meta":[],"product_brand":[],"product_cat":[2253],"product_tag":[1387],"class_list":{"0":"post-5189","1":"product","2":"type-product","3":"status-publish","4":"has-post-thumbnail","6":"product_cat-yves-saint-laurent","7":"product_tag-unisex","9":"first","10":"instock","11":"shipping-taxable","12":"product-type-simple"},"_links":{"self":[{"href":"https:\/\/divainers.com\/el\/wp-json\/wp\/v2\/product\/5189","targetHints":{"allow":["GET"]}}],"collection":[{"href":"https:\/\/divainers.com\/el\/wp-json\/wp\/v2\/product"}],"about":[{"href":"https:\/\/divainers.com\/el\/wp-json\/wp\/v2\/types\/product"}],"replies":[{"embeddable":true,"href":"https:\/\/divainers.com\/el\/wp-json\/wp\/v2\/comments?post=5189"}],"wp:featuredmedia":[{"embeddable":true,"href":"https:\/\/divainers.com\/el\/wp-json\/wp\/v2\/media\/15163"}],"wp:attachment":[{"href":"https:\/\/divainers.com\/el\/wp-json\/wp\/v2\/media?parent=5189"}],"wp:term":[{"taxonomy":"product_brand","embeddable":true,"href":"https:\/\/divainers.com\/el\/wp-json\/wp\/v2\/product_brand?post=5189"},{"taxonomy":"product_cat","embeddable":true,"href":"https:\/\/divainers.com\/el\/wp-json\/wp\/v2\/product_cat?post=5189"},{"taxonomy":"product_tag","embeddable":true,"href":"https:\/\/divainers.com\/el\/wp-json\/wp\/v2\/product_tag?post=5189"}],"curies":[{"name":"wp","href":"https:\/\/api.w.org\/{rel}","templated":true}]}}