{"id":572,"date":"2025-01-31T08:32:19","date_gmt":"2025-01-31T07:32:19","guid":{"rendered":"https:\/\/divainers.com\/producto\/divain-052\/"},"modified":"2026-03-16T16:07:33","modified_gmt":"2026-03-16T15:07:33","slug":"divain-052","status":"publish","type":"product","link":"https:\/\/divainers.com\/el\/producto\/divain-052\/","title":{"rendered":"divain.052"},"content":{"rendered":"<p>Un aroma fresco y vibrante que captura la esencia de la modernidad y la energ\u00eda urbana. Su apertura chispeante de manzana verde, pomelo y pepino aporta una sensaci\u00f3n jugosa y revitalizante. En el coraz\u00f3n, la magnolia y la rosa aportan un toque floral delicado y femenino, equilibrando la composici\u00f3n con suavidad. En el fondo, las maderas blancas y el \u00e1mbar crean una estela c\u00e1lida y envolvente, perfecta para la mujer din\u00e1mica, segura de s\u00ed misma y con un esp\u00edritu naturalmente seductor.<\/p>\n","protected":false},"excerpt":{"rendered":"<p>Recuerda a Be Delicious de DKNY<\/p>\n","protected":false},"featured_media":3527,"comment_status":"open","ping_status":"closed","template":"","meta":[],"product_brand":[],"product_cat":[316],"product_tag":[1424],"class_list":{"0":"post-572","1":"product","2":"type-product","3":"status-publish","4":"has-post-thumbnail","6":"product_cat-dkny","7":"product_tag-femmes","9":"first","10":"instock","11":"shipping-taxable","12":"product-type-simple"},"_links":{"self":[{"href":"https:\/\/divainers.com\/el\/wp-json\/wp\/v2\/product\/572","targetHints":{"allow":["GET"]}}],"collection":[{"href":"https:\/\/divainers.com\/el\/wp-json\/wp\/v2\/product"}],"about":[{"href":"https:\/\/divainers.com\/el\/wp-json\/wp\/v2\/types\/product"}],"replies":[{"embeddable":true,"href":"https:\/\/divainers.com\/el\/wp-json\/wp\/v2\/comments?post=572"}],"wp:featuredmedia":[{"embeddable":true,"href":"https:\/\/divainers.com\/el\/wp-json\/wp\/v2\/media\/3527"}],"wp:attachment":[{"href":"https:\/\/divainers.com\/el\/wp-json\/wp\/v2\/media?parent=572"}],"wp:term":[{"taxonomy":"product_brand","embeddable":true,"href":"https:\/\/divainers.com\/el\/wp-json\/wp\/v2\/product_brand?post=572"},{"taxonomy":"product_cat","embeddable":true,"href":"https:\/\/divainers.com\/el\/wp-json\/wp\/v2\/product_cat?post=572"},{"taxonomy":"product_tag","embeddable":true,"href":"https:\/\/divainers.com\/el\/wp-json\/wp\/v2\/product_tag?post=572"}],"curies":[{"name":"wp","href":"https:\/\/api.w.org\/{rel}","templated":true}]}}