{"id":654,"date":"2025-01-31T08:32:30","date_gmt":"2025-01-31T07:32:30","guid":{"rendered":"https:\/\/divainers.com\/producto\/divain-161\/"},"modified":"2026-03-16T16:07:39","modified_gmt":"2026-03-16T15:07:39","slug":"divain-161","status":"publish","type":"product","link":"https:\/\/divainers.com\/el\/producto\/divain-161\/","title":{"rendered":"divain.161"},"content":{"rendered":"<p>Un aroma vibrante y sofisticado que celebra la feminidad con un toque de audacia. Su apertura chispeante de an\u00eds estrellado y hojas de cassis aporta un frescor especiado y envolvente. En el coraz\u00f3n, un exquisito bouquet de rosas en diferentes facetas\u2014desde la rosa peon\u00eda hasta la rosa centifolia\u2014despliega una elegancia floral irresistible. En el fondo, el pachul\u00ed y la vainilla envuelven la fragancia en una estela c\u00e1lida y seductora, perfecta para la mujer elegante, carism\u00e1tica y con un encanto magn\u00e9tico que deja huella a donde va.<\/p>\n","protected":false},"excerpt":{"rendered":"<p>Recuerda a Very Irresistible de Givenchy<\/p>\n","protected":false},"featured_media":3642,"comment_status":"open","ping_status":"closed","template":"","meta":[],"product_brand":[],"product_cat":[408],"product_tag":[38],"class_list":{"0":"post-654","1":"product","2":"type-product","3":"status-publish","4":"has-post-thumbnail","6":"product_cat-givenchy","7":"product_tag-mujer","9":"first","10":"instock","11":"shipping-taxable","12":"product-type-simple"},"_links":{"self":[{"href":"https:\/\/divainers.com\/el\/wp-json\/wp\/v2\/product\/654","targetHints":{"allow":["GET"]}}],"collection":[{"href":"https:\/\/divainers.com\/el\/wp-json\/wp\/v2\/product"}],"about":[{"href":"https:\/\/divainers.com\/el\/wp-json\/wp\/v2\/types\/product"}],"replies":[{"embeddable":true,"href":"https:\/\/divainers.com\/el\/wp-json\/wp\/v2\/comments?post=654"}],"wp:featuredmedia":[{"embeddable":true,"href":"https:\/\/divainers.com\/el\/wp-json\/wp\/v2\/media\/3642"}],"wp:attachment":[{"href":"https:\/\/divainers.com\/el\/wp-json\/wp\/v2\/media?parent=654"}],"wp:term":[{"taxonomy":"product_brand","embeddable":true,"href":"https:\/\/divainers.com\/el\/wp-json\/wp\/v2\/product_brand?post=654"},{"taxonomy":"product_cat","embeddable":true,"href":"https:\/\/divainers.com\/el\/wp-json\/wp\/v2\/product_cat?post=654"},{"taxonomy":"product_tag","embeddable":true,"href":"https:\/\/divainers.com\/el\/wp-json\/wp\/v2\/product_tag?post=654"}],"curies":[{"name":"wp","href":"https:\/\/api.w.org\/{rel}","templated":true}]}}