{"id":734,"date":"2025-01-31T08:32:39","date_gmt":"2025-01-31T07:32:39","guid":{"rendered":"https:\/\/divainers.com\/producto\/divain-733\/"},"modified":"2026-03-16T16:07:46","modified_gmt":"2026-03-16T15:07:46","slug":"divain-733","status":"publish","type":"product","link":"https:\/\/divainers.com\/el\/producto\/divain-733\/","title":{"rendered":"divain.733"},"content":{"rendered":"<p>Es una fragancia fresca y acu\u00e1tica que evoca la pureza y la serenidad del agua. Se abre con notas c\u00edtricas y florales ligeras, principalmente la mandarina, que aportan frescura. El coraz\u00f3n est\u00e1 formado por flores blancas, como el lirio y el agua, creando una sensaci\u00f3n suave y et\u00e9rea. La base es sutilmente amaderada con toques de almizcle, que dan un acabado limpio y refinado. Es una fragancia perfecta para quienes buscan algo fresco y delicado, ideal para el d\u00eda a d\u00eda en climas c\u00e1lidos o para ocasiones donde se desea una sensaci\u00f3n de frescura natural.<\/p>\n","protected":false},"excerpt":{"rendered":"<p>Recuerda a A Drop d&#8217;Issey de Issey Miyake<\/p>\n","protected":false},"featured_media":3044,"comment_status":"open","ping_status":"closed","template":"","meta":[],"product_brand":[],"product_cat":[491],"product_tag":[1444],"class_list":{"0":"post-734","1":"product","2":"type-product","3":"status-publish","4":"has-post-thumbnail","6":"product_cat-issey-miyake","7":"product_tag-kvinner","9":"first","10":"instock","11":"shipping-taxable","12":"product-type-simple"},"_links":{"self":[{"href":"https:\/\/divainers.com\/el\/wp-json\/wp\/v2\/product\/734","targetHints":{"allow":["GET"]}}],"collection":[{"href":"https:\/\/divainers.com\/el\/wp-json\/wp\/v2\/product"}],"about":[{"href":"https:\/\/divainers.com\/el\/wp-json\/wp\/v2\/types\/product"}],"replies":[{"embeddable":true,"href":"https:\/\/divainers.com\/el\/wp-json\/wp\/v2\/comments?post=734"}],"wp:featuredmedia":[{"embeddable":true,"href":"https:\/\/divainers.com\/el\/wp-json\/wp\/v2\/media\/3044"}],"wp:attachment":[{"href":"https:\/\/divainers.com\/el\/wp-json\/wp\/v2\/media?parent=734"}],"wp:term":[{"taxonomy":"product_brand","embeddable":true,"href":"https:\/\/divainers.com\/el\/wp-json\/wp\/v2\/product_brand?post=734"},{"taxonomy":"product_cat","embeddable":true,"href":"https:\/\/divainers.com\/el\/wp-json\/wp\/v2\/product_cat?post=734"},{"taxonomy":"product_tag","embeddable":true,"href":"https:\/\/divainers.com\/el\/wp-json\/wp\/v2\/product_tag?post=734"}],"curies":[{"name":"wp","href":"https:\/\/api.w.org\/{rel}","templated":true}]}}