{"id":7772,"date":"2025-01-31T08:32:20","date_gmt":"2025-01-31T07:32:20","guid":{"rendered":"https:\/\/divainers.com\/producto\/divain-006\/"},"modified":"2026-03-30T16:47:06","modified_gmt":"2026-03-30T14:47:06","slug":"divain-006","status":"publish","type":"product","link":"https:\/\/divainers.com\/el\/producto\/divain-006\/","title":{"rendered":"divain.006"},"content":{"rendered":"<p>Una fragancia sofisticada y carism\u00e1tica que combina elegancia y magnetismo en cada acorde. La salida fresca de pomelo y cilantro abre el camino a un coraz\u00f3n especiado de jengibre y cardamomo, creando una calidez envolvente y seductora. Su fondo de \u00e1mbar, tabaco y maderas nobles aporta profundidad y un toque irresistiblemente varonil. Un aroma distinguido, perfecto para el hombre seguro de s\u00ed mismo que deja huella con su sola presencia.<\/p>\n","protected":false},"excerpt":{"rendered":"<p>Recuerda a The One For Men de Dolce &amp; Gabbana<\/p>\n","protected":false},"featured_media":3436,"comment_status":"open","ping_status":"closed","template":"","meta":[],"product_brand":[],"product_cat":[1491],"product_tag":[1373],"class_list":{"0":"post-7772","1":"product","2":"type-product","3":"status-publish","4":"has-post-thumbnail","6":"product_cat-dolce-gabbana","7":"product_tag-1373","9":"first","10":"instock","11":"shipping-taxable","12":"product-type-simple"},"_links":{"self":[{"href":"https:\/\/divainers.com\/el\/wp-json\/wp\/v2\/product\/7772","targetHints":{"allow":["GET"]}}],"collection":[{"href":"https:\/\/divainers.com\/el\/wp-json\/wp\/v2\/product"}],"about":[{"href":"https:\/\/divainers.com\/el\/wp-json\/wp\/v2\/types\/product"}],"replies":[{"embeddable":true,"href":"https:\/\/divainers.com\/el\/wp-json\/wp\/v2\/comments?post=7772"}],"wp:featuredmedia":[{"embeddable":true,"href":"https:\/\/divainers.com\/el\/wp-json\/wp\/v2\/media\/3436"}],"wp:attachment":[{"href":"https:\/\/divainers.com\/el\/wp-json\/wp\/v2\/media?parent=7772"}],"wp:term":[{"taxonomy":"product_brand","embeddable":true,"href":"https:\/\/divainers.com\/el\/wp-json\/wp\/v2\/product_brand?post=7772"},{"taxonomy":"product_cat","embeddable":true,"href":"https:\/\/divainers.com\/el\/wp-json\/wp\/v2\/product_cat?post=7772"},{"taxonomy":"product_tag","embeddable":true,"href":"https:\/\/divainers.com\/el\/wp-json\/wp\/v2\/product_tag?post=7772"}],"curies":[{"name":"wp","href":"https:\/\/api.w.org\/{rel}","templated":true}]}}