{"id":813,"date":"2025-01-31T08:32:48","date_gmt":"2025-01-31T07:32:48","guid":{"rendered":"https:\/\/divainers.com\/producto\/divain-979\/"},"modified":"2026-03-16T16:07:54","modified_gmt":"2026-03-16T15:07:54","slug":"divain-979","status":"publish","type":"product","link":"https:\/\/divainers.com\/el\/producto\/divain-979\/","title":{"rendered":"divain.979"},"content":{"rendered":"<p>\u200b<span class=\"relative -mx-px my-[-0.2rem] rounded px-px py-[0.2rem]\">Imagina una fragancia que combina la dulzura de la frambuesa y la mandarina con la elegancia de la rosa b\u00falgara y la flor de azahar, culminando en una base c\u00e1lida de pralin\u00e9 y vainilla bourbon.<\/span> <span class=\"relative -mx-px my-[-0.2rem] rounded px-px py-[0.2rem]\">Esta composici\u00f3n ofrece una experiencia olfativa envolvente y sofisticada, perfecta para quienes buscan una fragancia dulce y floral con notas gourmand.<\/span><\/p>\n","protected":false},"excerpt":{"rendered":"<p>Recuerda a Flower by Kenzo L&#8217;Elixir de Kenzo<\/p>\n","protected":false},"featured_media":3250,"comment_status":"open","ping_status":"closed","template":"","meta":[],"product_brand":[],"product_cat":[575],"product_tag":[1439],"class_list":{"0":"post-813","1":"product","2":"type-product","3":"status-publish","4":"has-post-thumbnail","6":"product_cat-kenzo","7":"product_tag-kvinnor","9":"first","10":"instock","11":"shipping-taxable","12":"product-type-simple"},"_links":{"self":[{"href":"https:\/\/divainers.com\/el\/wp-json\/wp\/v2\/product\/813","targetHints":{"allow":["GET"]}}],"collection":[{"href":"https:\/\/divainers.com\/el\/wp-json\/wp\/v2\/product"}],"about":[{"href":"https:\/\/divainers.com\/el\/wp-json\/wp\/v2\/types\/product"}],"replies":[{"embeddable":true,"href":"https:\/\/divainers.com\/el\/wp-json\/wp\/v2\/comments?post=813"}],"wp:featuredmedia":[{"embeddable":true,"href":"https:\/\/divainers.com\/el\/wp-json\/wp\/v2\/media\/3250"}],"wp:attachment":[{"href":"https:\/\/divainers.com\/el\/wp-json\/wp\/v2\/media?parent=813"}],"wp:term":[{"taxonomy":"product_brand","embeddable":true,"href":"https:\/\/divainers.com\/el\/wp-json\/wp\/v2\/product_brand?post=813"},{"taxonomy":"product_cat","embeddable":true,"href":"https:\/\/divainers.com\/el\/wp-json\/wp\/v2\/product_cat?post=813"},{"taxonomy":"product_tag","embeddable":true,"href":"https:\/\/divainers.com\/el\/wp-json\/wp\/v2\/product_tag?post=813"}],"curies":[{"name":"wp","href":"https:\/\/api.w.org\/{rel}","templated":true}]}}