{"id":891,"date":"2025-01-31T08:32:59","date_gmt":"2025-01-31T07:32:59","guid":{"rendered":"https:\/\/divainers.com\/producto\/divain-775\/"},"modified":"2026-03-16T16:08:01","modified_gmt":"2026-03-16T15:08:01","slug":"divain-775","status":"publish","type":"product","link":"https:\/\/divainers.com\/el\/producto\/divain-775\/","title":{"rendered":"divain.775"},"content":{"rendered":"<p>\u200b<span class=\"relative -mx-px my-[-0.2rem] rounded px-px py-[0.2rem]\">Esta fragancia unisex se inicia con una apertura vibrante de lima, naranja sanguina, mandarina roja, lim\u00f3n y bergamota, creando una sinfon\u00eda c\u00edtrica que evoca la energ\u00eda de una ciudad iluminada por estrellas.<\/span> <span class=\"relative -mx-px my-[-0.2rem] rounded px-px py-[0.2rem]\">En el coraz\u00f3n, la flor de tiar\u00e9 a\u00f1ade una suavidad floral que recuerda a una brisa nocturna en una bulliciosa metr\u00f3polis.<\/span> <span class=\"relative -mx-px my-[-0.2rem] rounded px-px py-[0.2rem]\">La base de notas atalcadas, almizcle y s\u00e1ndalo aporta una calidez reconfortante, reflejando la luz de las estrellas que adornan el cielo nocturno.<\/span> <span class=\"relative -mx-px my-[-0.2rem] rounded px-px py-[0.2rem]\">Esta composici\u00f3n captura la esencia de una noche vibrante y sofisticada, perfecta para quienes buscan una experiencia sensorial \u00fanica<\/span><\/p>\n","protected":false},"excerpt":{"rendered":"<p>Recuerda a City Of Stars de Louis Vuitton<\/p>\n","protected":false},"featured_media":3292,"comment_status":"open","ping_status":"closed","template":"","meta":[],"product_brand":[],"product_cat":[651],"product_tag":[1389],"class_list":{"0":"post-891","1":"product","2":"type-product","3":"status-publish","4":"has-post-thumbnail","6":"product_cat-louis-vuitton","7":"product_tag-unisex","9":"first","10":"instock","11":"shipping-taxable","12":"product-type-simple"},"_links":{"self":[{"href":"https:\/\/divainers.com\/el\/wp-json\/wp\/v2\/product\/891","targetHints":{"allow":["GET"]}}],"collection":[{"href":"https:\/\/divainers.com\/el\/wp-json\/wp\/v2\/product"}],"about":[{"href":"https:\/\/divainers.com\/el\/wp-json\/wp\/v2\/types\/product"}],"replies":[{"embeddable":true,"href":"https:\/\/divainers.com\/el\/wp-json\/wp\/v2\/comments?post=891"}],"wp:featuredmedia":[{"embeddable":true,"href":"https:\/\/divainers.com\/el\/wp-json\/wp\/v2\/media\/3292"}],"wp:attachment":[{"href":"https:\/\/divainers.com\/el\/wp-json\/wp\/v2\/media?parent=891"}],"wp:term":[{"taxonomy":"product_brand","embeddable":true,"href":"https:\/\/divainers.com\/el\/wp-json\/wp\/v2\/product_brand?post=891"},{"taxonomy":"product_cat","embeddable":true,"href":"https:\/\/divainers.com\/el\/wp-json\/wp\/v2\/product_cat?post=891"},{"taxonomy":"product_tag","embeddable":true,"href":"https:\/\/divainers.com\/el\/wp-json\/wp\/v2\/product_tag?post=891"}],"curies":[{"name":"wp","href":"https:\/\/api.w.org\/{rel}","templated":true}]}}