{"id":9092,"date":"2025-01-31T08:32:08","date_gmt":"2025-01-31T07:32:08","guid":{"rendered":"https:\/\/divainers.com\/producto\/divain-117\/"},"modified":"2026-04-01T12:35:44","modified_gmt":"2026-04-01T10:35:44","slug":"divain-117","status":"publish","type":"product","link":"https:\/\/divainers.com\/el\/producto\/divain-117\/","title":{"rendered":"divain.117"},"content":{"rendered":"<p>Un aroma delicado y elegante que evoca la feminidad en su forma m\u00e1s pura y et\u00e9rea. Su apertura luminosa de azahar y pimienta rosa aporta una frescura sutil y sofisticada. En el coraz\u00f3n, un delicado bouquet de iris, lila y jacinto envuelve la fragancia en una suavidad empolvada y rom\u00e1ntica. En el fondo, el almizcle y el arroz crean una estela aterciopelada y envolvente, perfecta para la mujer refinada, so\u00f1adora y con una elegancia natural que deja una huella imborrable.<\/p>\n","protected":false},"excerpt":{"rendered":"<p>Recuerda a Love de Chlo\u00e9<\/p>\n","protected":false},"featured_media":3366,"comment_status":"open","ping_status":"closed","template":"","meta":[],"product_brand":[],"product_cat":[2189],"product_tag":[1424],"class_list":{"0":"post-9092","1":"product","2":"type-product","3":"status-publish","4":"has-post-thumbnail","6":"product_cat-chloe","7":"product_tag-femmes","9":"first","10":"instock","11":"shipping-taxable","12":"product-type-simple"},"_links":{"self":[{"href":"https:\/\/divainers.com\/el\/wp-json\/wp\/v2\/product\/9092","targetHints":{"allow":["GET"]}}],"collection":[{"href":"https:\/\/divainers.com\/el\/wp-json\/wp\/v2\/product"}],"about":[{"href":"https:\/\/divainers.com\/el\/wp-json\/wp\/v2\/types\/product"}],"replies":[{"embeddable":true,"href":"https:\/\/divainers.com\/el\/wp-json\/wp\/v2\/comments?post=9092"}],"wp:featuredmedia":[{"embeddable":true,"href":"https:\/\/divainers.com\/el\/wp-json\/wp\/v2\/media\/3366"}],"wp:attachment":[{"href":"https:\/\/divainers.com\/el\/wp-json\/wp\/v2\/media?parent=9092"}],"wp:term":[{"taxonomy":"product_brand","embeddable":true,"href":"https:\/\/divainers.com\/el\/wp-json\/wp\/v2\/product_brand?post=9092"},{"taxonomy":"product_cat","embeddable":true,"href":"https:\/\/divainers.com\/el\/wp-json\/wp\/v2\/product_cat?post=9092"},{"taxonomy":"product_tag","embeddable":true,"href":"https:\/\/divainers.com\/el\/wp-json\/wp\/v2\/product_tag?post=9092"}],"curies":[{"name":"wp","href":"https:\/\/api.w.org\/{rel}","templated":true}]}}