{"id":981,"date":"2025-01-31T08:33:12","date_gmt":"2025-01-31T07:33:12","guid":{"rendered":"https:\/\/divainers.com\/producto\/divain-408\/"},"modified":"2026-03-16T16:08:10","modified_gmt":"2026-03-16T15:08:10","slug":"divain-408","status":"publish","type":"product","link":"https:\/\/divainers.com\/el\/producto\/divain-408\/","title":{"rendered":"divain.408"},"content":{"rendered":"<p>Una fragancia que evoca frescura y sofisticaci\u00f3n, con una apertura vibrante de notas c\u00edtricas y frutas tropicales como la pi\u00f1a. A medida que se desarrolla, emergen toques florales y amaderados que le dan una sensaci\u00f3n elegante y compleja. Con una base de musgo y madera, Hacivat se caracteriza por su equilibrio perfecto entre frescura y profundidad, convirti\u00e9ndola en una opci\u00f3n destacada para quienes buscan un perfume fresco pero con car\u00e1cter.<\/p>\n","protected":false},"excerpt":{"rendered":"<p>Recuerda a Hacivat de Nishane<\/p>\n","protected":false},"featured_media":4470,"comment_status":"open","ping_status":"closed","template":"","meta":[],"product_brand":[],"product_cat":[778],"product_tag":[29],"class_list":{"0":"post-981","1":"product","2":"type-product","3":"status-publish","4":"has-post-thumbnail","6":"product_cat-nishane","7":"product_tag-unisex","9":"first","10":"instock","11":"shipping-taxable","12":"product-type-simple"},"_links":{"self":[{"href":"https:\/\/divainers.com\/el\/wp-json\/wp\/v2\/product\/981","targetHints":{"allow":["GET"]}}],"collection":[{"href":"https:\/\/divainers.com\/el\/wp-json\/wp\/v2\/product"}],"about":[{"href":"https:\/\/divainers.com\/el\/wp-json\/wp\/v2\/types\/product"}],"replies":[{"embeddable":true,"href":"https:\/\/divainers.com\/el\/wp-json\/wp\/v2\/comments?post=981"}],"wp:featuredmedia":[{"embeddable":true,"href":"https:\/\/divainers.com\/el\/wp-json\/wp\/v2\/media\/4470"}],"wp:attachment":[{"href":"https:\/\/divainers.com\/el\/wp-json\/wp\/v2\/media?parent=981"}],"wp:term":[{"taxonomy":"product_brand","embeddable":true,"href":"https:\/\/divainers.com\/el\/wp-json\/wp\/v2\/product_brand?post=981"},{"taxonomy":"product_cat","embeddable":true,"href":"https:\/\/divainers.com\/el\/wp-json\/wp\/v2\/product_cat?post=981"},{"taxonomy":"product_tag","embeddable":true,"href":"https:\/\/divainers.com\/el\/wp-json\/wp\/v2\/product_tag?post=981"}],"curies":[{"name":"wp","href":"https:\/\/api.w.org\/{rel}","templated":true}]}}