{"id":1025,"date":"2025-01-31T08:33:17","date_gmt":"2025-01-31T07:33:17","guid":{"rendered":"https:\/\/divainers.com\/producto\/divain-981\/"},"modified":"2026-03-16T16:08:14","modified_gmt":"2026-03-16T15:08:14","slug":"divain-981","status":"publish","type":"product","link":"https:\/\/divainers.com\/en\/producto\/divain-981\/","title":{"rendered":"divain.981"},"content":{"rendered":"<p>\u200b<span class=\"relative -mx-px my-[-0.2rem] rounded px-px py-[0.2rem]\">Imagina una fragancia que combina la frescura de las grosellas negras y la pimienta rosa con la suavidad de las rosas y las peon\u00edas, culminando en una base c\u00e1lida de vainilla, pachul\u00ed y maderas de cachemira.<\/span> <span class=\"relative -mx-px my-[-0.2rem] rounded px-px py-[0.2rem]\">Esta composici\u00f3n ofrece una experiencia olfativa envolvente y sofisticada, perfecta para quienes buscan una fragancia floral con notas dulces y amaderadas en armon\u00eda.<\/span><\/p>\n","protected":false},"excerpt":{"rendered":"<p>Recuerda a Olymp\u00e9a Flora de Paco Rabanne<\/p>\n","protected":false},"featured_media":3252,"comment_status":"open","ping_status":"closed","template":"","meta":[],"product_brand":[],"product_cat":[802],"product_tag":[1439],"class_list":{"0":"post-1025","1":"product","2":"type-product","3":"status-publish","4":"has-post-thumbnail","6":"product_cat-paco-rabanne","7":"product_tag-kvinnor","9":"first","10":"instock","11":"shipping-taxable","12":"product-type-simple"},"_links":{"self":[{"href":"https:\/\/divainers.com\/en\/wp-json\/wp\/v2\/product\/1025","targetHints":{"allow":["GET"]}}],"collection":[{"href":"https:\/\/divainers.com\/en\/wp-json\/wp\/v2\/product"}],"about":[{"href":"https:\/\/divainers.com\/en\/wp-json\/wp\/v2\/types\/product"}],"replies":[{"embeddable":true,"href":"https:\/\/divainers.com\/en\/wp-json\/wp\/v2\/comments?post=1025"}],"wp:featuredmedia":[{"embeddable":true,"href":"https:\/\/divainers.com\/en\/wp-json\/wp\/v2\/media\/3252"}],"wp:attachment":[{"href":"https:\/\/divainers.com\/en\/wp-json\/wp\/v2\/media?parent=1025"}],"wp:term":[{"taxonomy":"product_brand","embeddable":true,"href":"https:\/\/divainers.com\/en\/wp-json\/wp\/v2\/product_brand?post=1025"},{"taxonomy":"product_cat","embeddable":true,"href":"https:\/\/divainers.com\/en\/wp-json\/wp\/v2\/product_cat?post=1025"},{"taxonomy":"product_tag","embeddable":true,"href":"https:\/\/divainers.com\/en\/wp-json\/wp\/v2\/product_tag?post=1025"}],"curies":[{"name":"wp","href":"https:\/\/api.w.org\/{rel}","templated":true}]}}