{"id":10332,"date":"2026-04-15T15:21:58","date_gmt":"2026-04-15T13:21:58","guid":{"rendered":"https:\/\/divainers.com\/?post_type=product&#038;p=10332"},"modified":"2026-04-15T15:21:58","modified_gmt":"2026-04-15T13:21:58","slug":"divain-1098","status":"publish","type":"product","link":"https:\/\/divainers.com\/en\/producto\/divain-1098\/","title":{"rendered":"divain.1098"},"content":{"rendered":"<p>Evoca una sensaci\u00f3n ex\u00f3tica y cremosa, con un car\u00e1cter libre y desenfadado que transmite calidez y sensualidad. Es una fragancia envolvente y adictiva, perfecta para quienes buscan un aroma tropical, moderno y con una personalidad relajada pero cautivadora.<\/p>\n","protected":false},"excerpt":{"rendered":"<p>Recuerda a <span data-sheets-root=\"1\">Free Coco de BORNTOSTANDOUT<\/span><\/p>\n","protected":false},"featured_media":10328,"comment_status":"open","ping_status":"closed","template":"","meta":[],"product_brand":[],"product_cat":[1105],"product_tag":[],"class_list":{"0":"post-10332","1":"product","2":"type-product","3":"status-publish","4":"has-post-thumbnail","6":"product_cat-borntostandout","8":"first","9":"instock","10":"shipping-taxable","11":"product-type-simple"},"_links":{"self":[{"href":"https:\/\/divainers.com\/en\/wp-json\/wp\/v2\/product\/10332","targetHints":{"allow":["GET"]}}],"collection":[{"href":"https:\/\/divainers.com\/en\/wp-json\/wp\/v2\/product"}],"about":[{"href":"https:\/\/divainers.com\/en\/wp-json\/wp\/v2\/types\/product"}],"replies":[{"embeddable":true,"href":"https:\/\/divainers.com\/en\/wp-json\/wp\/v2\/comments?post=10332"}],"wp:featuredmedia":[{"embeddable":true,"href":"https:\/\/divainers.com\/en\/wp-json\/wp\/v2\/media\/10328"}],"wp:attachment":[{"href":"https:\/\/divainers.com\/en\/wp-json\/wp\/v2\/media?parent=10332"}],"wp:term":[{"taxonomy":"product_brand","embeddable":true,"href":"https:\/\/divainers.com\/en\/wp-json\/wp\/v2\/product_brand?post=10332"},{"taxonomy":"product_cat","embeddable":true,"href":"https:\/\/divainers.com\/en\/wp-json\/wp\/v2\/product_cat?post=10332"},{"taxonomy":"product_tag","embeddable":true,"href":"https:\/\/divainers.com\/en\/wp-json\/wp\/v2\/product_tag?post=10332"}],"curies":[{"name":"wp","href":"https:\/\/api.w.org\/{rel}","templated":true}]}}