{"id":1074,"date":"2025-01-31T08:33:23","date_gmt":"2025-01-31T07:33:23","guid":{"rendered":"https:\/\/divainers.com\/producto\/divain-131\/"},"modified":"2026-03-16T16:08:18","modified_gmt":"2026-03-16T15:08:18","slug":"divain-131","status":"publish","type":"product","link":"https:\/\/divainers.com\/en\/producto\/divain-131\/","title":{"rendered":"divain.131"},"content":{"rendered":"<p>Un aroma vibrante y juvenil que captura la frescura y la energ\u00eda de la alegr\u00eda espont\u00e1nea. Su apertura chispeante de manzana verde y mandarina aporta una explosi\u00f3n de vitalidad y frescura. En el coraz\u00f3n, un delicado bouquet de fresia y magnolia envuelve la fragancia en una feminidad suave y luminosa. En el fondo, el almizcle blanco y el iris crean una estela ligera y envolvente, perfecta para la mujer din\u00e1mica, optimista y llena de vida que deja una sensaci\u00f3n de frescura a su paso.<\/p>\n","protected":false},"excerpt":{"rendered":"<p>Recuerda a Ralph de Ralph Lauren<\/p>\n","protected":false},"featured_media":3619,"comment_status":"open","ping_status":"closed","template":"","meta":[],"product_brand":[],"product_cat":[882],"product_tag":[38],"class_list":{"0":"post-1074","1":"product","2":"type-product","3":"status-publish","4":"has-post-thumbnail","6":"product_cat-ralph-lauren","7":"product_tag-mujer","9":"first","10":"instock","11":"shipping-taxable","12":"product-type-simple"},"_links":{"self":[{"href":"https:\/\/divainers.com\/en\/wp-json\/wp\/v2\/product\/1074","targetHints":{"allow":["GET"]}}],"collection":[{"href":"https:\/\/divainers.com\/en\/wp-json\/wp\/v2\/product"}],"about":[{"href":"https:\/\/divainers.com\/en\/wp-json\/wp\/v2\/types\/product"}],"replies":[{"embeddable":true,"href":"https:\/\/divainers.com\/en\/wp-json\/wp\/v2\/comments?post=1074"}],"wp:featuredmedia":[{"embeddable":true,"href":"https:\/\/divainers.com\/en\/wp-json\/wp\/v2\/media\/3619"}],"wp:attachment":[{"href":"https:\/\/divainers.com\/en\/wp-json\/wp\/v2\/media?parent=1074"}],"wp:term":[{"taxonomy":"product_brand","embeddable":true,"href":"https:\/\/divainers.com\/en\/wp-json\/wp\/v2\/product_brand?post=1074"},{"taxonomy":"product_cat","embeddable":true,"href":"https:\/\/divainers.com\/en\/wp-json\/wp\/v2\/product_cat?post=1074"},{"taxonomy":"product_tag","embeddable":true,"href":"https:\/\/divainers.com\/en\/wp-json\/wp\/v2\/product_tag?post=1074"}],"curies":[{"name":"wp","href":"https:\/\/api.w.org\/{rel}","templated":true}]}}