{"id":1101,"date":"2025-01-31T08:33:26","date_gmt":"2025-01-31T07:33:26","guid":{"rendered":"https:\/\/divainers.com\/producto\/divain-165\/"},"modified":"2026-03-16T16:08:20","modified_gmt":"2026-03-16T15:08:20","slug":"divain-165","status":"publish","type":"product","link":"https:\/\/divainers.com\/en\/producto\/divain-165\/","title":{"rendered":"divain.165"},"content":{"rendered":"<p>Un aroma elegante y sofisticado que evoca el lujo atemporal y el misterio de un atardecer. Su apertura c\u00edtrica de mandarina y pomelo despierta los sentidos con un frescor refinado. En el coraz\u00f3n, un bouquet exquisito de rosa, jazm\u00edn y lirio de los valles se entrelaza con la sensualidad del ylang-ylang y un toque especiado de pimienta. En el fondo, el musgo de roble, el pachul\u00ed y el \u00e1mbar crean una estela envolvente y cautivadora, perfecta para la mujer elegante, enigm\u00e1tica y con una presencia inolvidable.<\/p>\n","protected":false},"excerpt":{"rendered":"<p>Recuerda a Eau du Soir de Sisley<\/p>\n","protected":false},"featured_media":3472,"comment_status":"open","ping_status":"closed","template":"","meta":[],"product_brand":[],"product_cat":[915],"product_tag":[1439],"class_list":{"0":"post-1101","1":"product","2":"type-product","3":"status-publish","4":"has-post-thumbnail","6":"product_cat-sisley","7":"product_tag-kvinnor","9":"first","10":"instock","11":"shipping-taxable","12":"product-type-simple"},"_links":{"self":[{"href":"https:\/\/divainers.com\/en\/wp-json\/wp\/v2\/product\/1101","targetHints":{"allow":["GET"]}}],"collection":[{"href":"https:\/\/divainers.com\/en\/wp-json\/wp\/v2\/product"}],"about":[{"href":"https:\/\/divainers.com\/en\/wp-json\/wp\/v2\/types\/product"}],"replies":[{"embeddable":true,"href":"https:\/\/divainers.com\/en\/wp-json\/wp\/v2\/comments?post=1101"}],"wp:featuredmedia":[{"embeddable":true,"href":"https:\/\/divainers.com\/en\/wp-json\/wp\/v2\/media\/3472"}],"wp:attachment":[{"href":"https:\/\/divainers.com\/en\/wp-json\/wp\/v2\/media?parent=1101"}],"wp:term":[{"taxonomy":"product_brand","embeddable":true,"href":"https:\/\/divainers.com\/en\/wp-json\/wp\/v2\/product_brand?post=1101"},{"taxonomy":"product_cat","embeddable":true,"href":"https:\/\/divainers.com\/en\/wp-json\/wp\/v2\/product_cat?post=1101"},{"taxonomy":"product_tag","embeddable":true,"href":"https:\/\/divainers.com\/en\/wp-json\/wp\/v2\/product_tag?post=1101"}],"curies":[{"name":"wp","href":"https:\/\/api.w.org\/{rel}","templated":true}]}}