{"id":1134,"date":"2025-01-31T08:33:30","date_gmt":"2025-01-31T07:33:30","guid":{"rendered":"https:\/\/divainers.com\/producto\/divain-560\/"},"modified":"2026-04-30T16:09:07","modified_gmt":"2026-04-30T14:09:07","slug":"divain-560","status":"publish","type":"product","link":"https:\/\/divainers.com\/en\/producto\/divain-560\/","title":{"rendered":"divain.560"},"content":{"rendered":"<p>Svje\u017ei, vibrantni i sofisticirani miris koji priziva morski povjetarac i svjetlost Mediterana. Od samog otvaranja eksplozija citrusa poput bergamota, limuna i mandarine donosi osvje\u017eavaju\u0107u i \u017eivahnu svje\u017einu. U srcu se isti\u010de neroli, donose\u0107i nje\u017enu cvjetnu notu, uz dodatak cvijeta naran\u010de i jasmina, stvaraju\u0107i osje\u0107aj \u010disto\u0107e i lako\u0107e. Na kraju, mekana baza od jantara i mo\u0161usa ostavlja toplu, bar\u0161unastu i dugotrajnu notu, uravnote\u017euju\u0107i svje\u017einu citrusnih nota. Idealni parfem za one koji tra\u017ee osvje\u017eavaju\u0107i, cvjetni i drvenasti miris, savr\u0161en za sun\u010dane dane ili trenutke kada \u017eelite elegantan i pomla\u0111uju\u0107i osje\u0107aj svje\u017eine.<\/p>\n","protected":false},"excerpt":{"rendered":"<p>Podsje\u0107a na Neroli Portofino od Tom Ford<\/p>\n","protected":false},"featured_media":15540,"comment_status":"open","ping_status":"closed","template":"","meta":[],"product_brand":[],"product_cat":[4267],"product_tag":[1405],"class_list":{"0":"post-1134","1":"product","2":"type-product","3":"status-publish","4":"has-post-thumbnail","6":"product_cat-tom-ford","7":"product_tag-unisex","9":"first","10":"instock","11":"shipping-taxable","12":"product-type-simple"},"_links":{"self":[{"href":"https:\/\/divainers.com\/en\/wp-json\/wp\/v2\/product\/1134","targetHints":{"allow":["GET"]}}],"collection":[{"href":"https:\/\/divainers.com\/en\/wp-json\/wp\/v2\/product"}],"about":[{"href":"https:\/\/divainers.com\/en\/wp-json\/wp\/v2\/types\/product"}],"replies":[{"embeddable":true,"href":"https:\/\/divainers.com\/en\/wp-json\/wp\/v2\/comments?post=1134"}],"wp:featuredmedia":[{"embeddable":true,"href":"https:\/\/divainers.com\/en\/wp-json\/wp\/v2\/media\/15540"}],"wp:attachment":[{"href":"https:\/\/divainers.com\/en\/wp-json\/wp\/v2\/media?parent=1134"}],"wp:term":[{"taxonomy":"product_brand","embeddable":true,"href":"https:\/\/divainers.com\/en\/wp-json\/wp\/v2\/product_brand?post=1134"},{"taxonomy":"product_cat","embeddable":true,"href":"https:\/\/divainers.com\/en\/wp-json\/wp\/v2\/product_cat?post=1134"},{"taxonomy":"product_tag","embeddable":true,"href":"https:\/\/divainers.com\/en\/wp-json\/wp\/v2\/product_tag?post=1134"}],"curies":[{"name":"wp","href":"https:\/\/api.w.org\/{rel}","templated":true}]}}