{"id":1140,"date":"2025-01-31T08:33:31","date_gmt":"2025-01-31T07:33:31","guid":{"rendered":"https:\/\/divainers.com\/producto\/divain-631\/"},"modified":"2026-04-30T16:10:49","modified_gmt":"2026-04-30T14:10:49","slug":"divain-631","status":"publish","type":"product","link":"https:\/\/divainers.com\/en\/producto\/divain-631\/","title":{"rendered":"divain.631"},"content":{"rendered":"<p>Elegantna, \u010dista i sofisticirana aroma koja spaja cvjetnu svje\u017einu s dubinom drvenastih nota. Od samog otvaranja, note bergamota i citrusa isprepli\u0107u se s mekanim i \u010distim dodirom jasmina, stvaraju\u0107i svje\u017e i \u017eivahan dojam. U srcu se isti\u010de bijeli pa\u010duli sa svojim zemljanim i senzualnim karakterom, uravnote\u017een dodirom ru\u017ee koja donosi \u017eenstvenost i slo\u017eenost. Drvenasta baza sandalovine i mo\u0161usa dodaje toplu i bar\u0161unastu podlogu, ostavljaju\u0107i sofisticirani i obavijaju\u0107i trag. Idealni parfem za one koji tra\u017ee cvjetnu, drvenastu i blago za\u010dinjenu mirisnu notu, savr\u0161en za svakodnevnu upotrebu ili posebne prilike kada \u017eelite prenijeti osje\u0107aj profinjene svje\u017eine i bezvremenske elegancije.<\/p>\n","protected":false},"excerpt":{"rendered":"<p>Podsje\u0107a na White Patchouli od Tom Ford<\/p>\n","protected":false},"featured_media":15606,"comment_status":"open","ping_status":"closed","template":"","meta":[],"product_brand":[],"product_cat":[4259],"product_tag":[1430],"class_list":{"0":"post-1140","1":"product","2":"type-product","3":"status-publish","4":"has-post-thumbnail","6":"product_cat-tom-ford","7":"product_tag-zeny","9":"first","10":"instock","11":"shipping-taxable","12":"product-type-simple"},"_links":{"self":[{"href":"https:\/\/divainers.com\/en\/wp-json\/wp\/v2\/product\/1140","targetHints":{"allow":["GET"]}}],"collection":[{"href":"https:\/\/divainers.com\/en\/wp-json\/wp\/v2\/product"}],"about":[{"href":"https:\/\/divainers.com\/en\/wp-json\/wp\/v2\/types\/product"}],"replies":[{"embeddable":true,"href":"https:\/\/divainers.com\/en\/wp-json\/wp\/v2\/comments?post=1140"}],"wp:featuredmedia":[{"embeddable":true,"href":"https:\/\/divainers.com\/en\/wp-json\/wp\/v2\/media\/15606"}],"wp:attachment":[{"href":"https:\/\/divainers.com\/en\/wp-json\/wp\/v2\/media?parent=1140"}],"wp:term":[{"taxonomy":"product_brand","embeddable":true,"href":"https:\/\/divainers.com\/en\/wp-json\/wp\/v2\/product_brand?post=1140"},{"taxonomy":"product_cat","embeddable":true,"href":"https:\/\/divainers.com\/en\/wp-json\/wp\/v2\/product_cat?post=1140"},{"taxonomy":"product_tag","embeddable":true,"href":"https:\/\/divainers.com\/en\/wp-json\/wp\/v2\/product_tag?post=1140"}],"curies":[{"name":"wp","href":"https:\/\/api.w.org\/{rel}","templated":true}]}}