{"id":1178,"date":"2025-01-31T08:33:36","date_gmt":"2025-01-31T07:33:36","guid":{"rendered":"https:\/\/divainers.com\/producto\/divain-221\/"},"modified":"2026-04-30T15:58:54","modified_gmt":"2026-04-30T13:58:54","slug":"divain-221","status":"publish","type":"product","link":"https:\/\/divainers.com\/en\/producto\/divain-221\/","title":{"rendered":"divain.221"},"content":{"rendered":"<p>Sofisticirani i elegantni miris koji hvata bit moderne mu\u017eevnosti s klasi\u010dnim dodirom. Njegov po\u010detak je \u017eivahan i svje\u017e, s citrusnim notama bergamota i mandarine koje se mije\u0161aju sa za\u010dinskim dodirom papra i \u0111umbira, stvaraju\u0107i energi\u010dan osje\u0107aj. U srcu, nje\u017eni i bar\u0161unasti miris lavande spaja se sa slatko\u0107om kakaa, dodaju\u0107i toplu i obavijaju\u0107u notu. Drvenasti bazni tonovi ga\u00efac drveta, ko\u017ee i vetivera pru\u017eaju duboku i mu\u017eevnu osnovu koja traje s luksuznim tragom. Idealno za profinjenog mu\u0161karca koji tra\u017ei sofisticirani miris, savr\u0161en za svaku priliku, od dana do no\u0107i.<\/p>\n","protected":false},"excerpt":{"rendered":"<p>Podsje\u0107a na Uomo od Valentino<\/p>\n","protected":false},"featured_media":15275,"comment_status":"open","ping_status":"closed","template":"","meta":[],"product_brand":[],"product_cat":[4554],"product_tag":[1358],"class_list":{"0":"post-1178","1":"product","2":"type-product","3":"status-publish","4":"has-post-thumbnail","6":"product_cat-valentino","7":"product_tag-mannen","9":"first","10":"instock","11":"shipping-taxable","12":"product-type-simple"},"_links":{"self":[{"href":"https:\/\/divainers.com\/en\/wp-json\/wp\/v2\/product\/1178","targetHints":{"allow":["GET"]}}],"collection":[{"href":"https:\/\/divainers.com\/en\/wp-json\/wp\/v2\/product"}],"about":[{"href":"https:\/\/divainers.com\/en\/wp-json\/wp\/v2\/types\/product"}],"replies":[{"embeddable":true,"href":"https:\/\/divainers.com\/en\/wp-json\/wp\/v2\/comments?post=1178"}],"wp:featuredmedia":[{"embeddable":true,"href":"https:\/\/divainers.com\/en\/wp-json\/wp\/v2\/media\/15275"}],"wp:attachment":[{"href":"https:\/\/divainers.com\/en\/wp-json\/wp\/v2\/media?parent=1178"}],"wp:term":[{"taxonomy":"product_brand","embeddable":true,"href":"https:\/\/divainers.com\/en\/wp-json\/wp\/v2\/product_brand?post=1178"},{"taxonomy":"product_cat","embeddable":true,"href":"https:\/\/divainers.com\/en\/wp-json\/wp\/v2\/product_cat?post=1178"},{"taxonomy":"product_tag","embeddable":true,"href":"https:\/\/divainers.com\/en\/wp-json\/wp\/v2\/product_tag?post=1178"}],"curies":[{"name":"wp","href":"https:\/\/api.w.org\/{rel}","templated":true}]}}