{"id":1213,"date":"2025-01-31T08:33:40","date_gmt":"2025-01-31T07:33:40","guid":{"rendered":"https:\/\/divainers.com\/producto\/divain-045\/"},"modified":"2026-04-30T15:52:52","modified_gmt":"2026-04-30T13:52:52","slug":"divain-045","status":"publish","type":"product","link":"https:\/\/divainers.com\/en\/producto\/divain-045\/","title":{"rendered":"divain.045"},"content":{"rendered":"<p>Intenzivan i tajanstven miris koji odi\u0161e senzualno\u0161\u0107u i sofisticirano\u0161\u0107u u svakom akordu. Njegovo za\u010dinjeno otvaranje crnim paprom i zvjezdanim anisom budi osjete s vibrantnim i magnetskim dodirom. U srcu, tolu balzam i tamjan donose topao i egzoti\u010dan ton, obavijaju\u0107i miris u enigmati\u010dnu auru. U bazi, vetiver, vanilija i jantar stvaraju dubok i zavodljiv trag, savr\u0161en za hrabrog i karizmati\u010dnog mu\u0161karca koji ostavlja dojam svojom samom prisutno\u0161\u0107u.<\/p>\n","protected":false},"excerpt":{"rendered":"<p>Podsje\u0107a na Opium od Yves Saint Laurent<\/p>\n","protected":false},"featured_media":15068,"comment_status":"open","ping_status":"closed","template":"","meta":[],"product_brand":[],"product_cat":[2251],"product_tag":[1360],"class_list":{"0":"post-1213","1":"product","2":"type-product","3":"status-publish","4":"has-post-thumbnail","6":"product_cat-yves-saint-laurent","7":"product_tag-muskarci","9":"first","10":"instock","11":"shipping-taxable","12":"product-type-simple"},"_links":{"self":[{"href":"https:\/\/divainers.com\/en\/wp-json\/wp\/v2\/product\/1213","targetHints":{"allow":["GET"]}}],"collection":[{"href":"https:\/\/divainers.com\/en\/wp-json\/wp\/v2\/product"}],"about":[{"href":"https:\/\/divainers.com\/en\/wp-json\/wp\/v2\/types\/product"}],"replies":[{"embeddable":true,"href":"https:\/\/divainers.com\/en\/wp-json\/wp\/v2\/comments?post=1213"}],"wp:featuredmedia":[{"embeddable":true,"href":"https:\/\/divainers.com\/en\/wp-json\/wp\/v2\/media\/15068"}],"wp:attachment":[{"href":"https:\/\/divainers.com\/en\/wp-json\/wp\/v2\/media?parent=1213"}],"wp:term":[{"taxonomy":"product_brand","embeddable":true,"href":"https:\/\/divainers.com\/en\/wp-json\/wp\/v2\/product_brand?post=1213"},{"taxonomy":"product_cat","embeddable":true,"href":"https:\/\/divainers.com\/en\/wp-json\/wp\/v2\/product_cat?post=1213"},{"taxonomy":"product_tag","embeddable":true,"href":"https:\/\/divainers.com\/en\/wp-json\/wp\/v2\/product_tag?post=1213"}],"curies":[{"name":"wp","href":"https:\/\/api.w.org\/{rel}","templated":true}]}}