{"id":1222,"date":"2025-01-31T08:33:42","date_gmt":"2025-01-31T07:33:42","guid":{"rendered":"https:\/\/divainers.com\/producto\/divain-283\/"},"modified":"2026-04-30T16:00:02","modified_gmt":"2026-04-30T14:00:02","slug":"divain-283","status":"publish","type":"product","link":"https:\/\/divainers.com\/en\/producto\/divain-283\/","title":{"rendered":"divain.283"},"content":{"rendered":"<p>To je hrabar i topao miris koji ima dubok i mu\u017eevan karakter. Otvara se mje\u0161avinom mandarine, ru\u017emarina i za\u010dina, stvaraju\u0107i svje\u017e i energi\u010dan uvod. Njegovo srce dominiraju note ouda, koje donose drvenastu i egzoti\u010dnu bogatost, upotpunjene jantarom i smolom. U bazi se nalaze vetiver, vanilija i cedar, stvaraju\u0107i toplu, zemljanu i blago slatku notu. To je robustan i elegantan parfem, dizajniran za sigurnog i sofisticiranog mu\u0161karca koji tra\u017ei intenzivan i dugotrajan miris.<\/p>\n","protected":false},"excerpt":{"rendered":"<p>Podsje\u0107a na M7 od Yves Saint Laurent<\/p>\n","protected":false},"featured_media":15329,"comment_status":"open","ping_status":"closed","template":"","meta":[],"product_brand":[],"product_cat":[2243],"product_tag":[1360],"class_list":{"0":"post-1222","1":"product","2":"type-product","3":"status-publish","4":"has-post-thumbnail","6":"product_cat-yves-saint-laurent","7":"product_tag-muskarci","9":"first","10":"instock","11":"shipping-taxable","12":"product-type-simple"},"_links":{"self":[{"href":"https:\/\/divainers.com\/en\/wp-json\/wp\/v2\/product\/1222","targetHints":{"allow":["GET"]}}],"collection":[{"href":"https:\/\/divainers.com\/en\/wp-json\/wp\/v2\/product"}],"about":[{"href":"https:\/\/divainers.com\/en\/wp-json\/wp\/v2\/types\/product"}],"replies":[{"embeddable":true,"href":"https:\/\/divainers.com\/en\/wp-json\/wp\/v2\/comments?post=1222"}],"wp:featuredmedia":[{"embeddable":true,"href":"https:\/\/divainers.com\/en\/wp-json\/wp\/v2\/media\/15329"}],"wp:attachment":[{"href":"https:\/\/divainers.com\/en\/wp-json\/wp\/v2\/media?parent=1222"}],"wp:term":[{"taxonomy":"product_brand","embeddable":true,"href":"https:\/\/divainers.com\/en\/wp-json\/wp\/v2\/product_brand?post=1222"},{"taxonomy":"product_cat","embeddable":true,"href":"https:\/\/divainers.com\/en\/wp-json\/wp\/v2\/product_cat?post=1222"},{"taxonomy":"product_tag","embeddable":true,"href":"https:\/\/divainers.com\/en\/wp-json\/wp\/v2\/product_tag?post=1222"}],"curies":[{"name":"wp","href":"https:\/\/api.w.org\/{rel}","templated":true}]}}