{"id":1234,"date":"2025-01-31T08:33:43","date_gmt":"2025-01-31T07:33:43","guid":{"rendered":"https:\/\/divainers.com\/producto\/divain-722\/"},"modified":"2026-04-30T16:12:33","modified_gmt":"2026-04-30T14:12:33","slug":"divain-722","status":"publish","type":"product","link":"https:\/\/divainers.com\/en\/producto\/divain-722\/","title":{"rendered":"divain.722"},"content":{"rendered":"<p>To je zavodljiv i energi\u010dan miris koji hvata bit slobode i autenti\u010dnosti. Karakterizira ga ravnote\u017ea izme\u0111u svje\u017eine i topline, po\u010dev\u0161i od vibrantnog otvaranja citrusnih i vo\u0107nih nota, uklju\u010duju\u0107i mandarine i crnu ribizlu. U srcu se miris omek\u0161ava cvjetnom mje\u0161avinom jasmina i ru\u017ee, dok baza donosi senzualan i drvenasti dodir s notama sandalovine, jantara i vanilije. To je esencija koja prenosi osje\u0107aj modernosti i dinamike, savr\u0161ena za one koji tra\u017ee miris koji na svestran na\u010din kombinira svje\u017einu, slatko\u0107u i sofisticiranost.<\/p>\n","protected":false},"excerpt":{"rendered":"<p>Podsje\u0107a na This Is Us! od Zadig &#038; Voltaire<\/p>\n","protected":false},"featured_media":15683,"comment_status":"open","ping_status":"closed","template":"","meta":[],"product_brand":[],"product_cat":[1999],"product_tag":[1408],"class_list":{"0":"post-1234","1":"product","2":"type-product","3":"status-publish","4":"has-post-thumbnail","6":"product_cat-zadig-voltaire","7":"product_tag-unisex","9":"first","10":"instock","11":"shipping-taxable","12":"product-type-simple"},"_links":{"self":[{"href":"https:\/\/divainers.com\/en\/wp-json\/wp\/v2\/product\/1234","targetHints":{"allow":["GET"]}}],"collection":[{"href":"https:\/\/divainers.com\/en\/wp-json\/wp\/v2\/product"}],"about":[{"href":"https:\/\/divainers.com\/en\/wp-json\/wp\/v2\/types\/product"}],"replies":[{"embeddable":true,"href":"https:\/\/divainers.com\/en\/wp-json\/wp\/v2\/comments?post=1234"}],"wp:featuredmedia":[{"embeddable":true,"href":"https:\/\/divainers.com\/en\/wp-json\/wp\/v2\/media\/15683"}],"wp:attachment":[{"href":"https:\/\/divainers.com\/en\/wp-json\/wp\/v2\/media?parent=1234"}],"wp:term":[{"taxonomy":"product_brand","embeddable":true,"href":"https:\/\/divainers.com\/en\/wp-json\/wp\/v2\/product_brand?post=1234"},{"taxonomy":"product_cat","embeddable":true,"href":"https:\/\/divainers.com\/en\/wp-json\/wp\/v2\/product_cat?post=1234"},{"taxonomy":"product_tag","embeddable":true,"href":"https:\/\/divainers.com\/en\/wp-json\/wp\/v2\/product_tag?post=1234"}],"curies":[{"name":"wp","href":"https:\/\/api.w.org\/{rel}","templated":true}]}}