{"id":3036,"date":"2025-03-28T10:14:57","date_gmt":"2025-03-28T09:14:57","guid":{"rendered":"https:\/\/divainers.com\/producto\/divain-477\/"},"modified":"2026-03-16T16:08:32","modified_gmt":"2026-03-16T15:08:32","slug":"divain-477","status":"publish","type":"product","link":"https:\/\/divainers.com\/en\/producto\/divain-477\/","title":{"rendered":"divain.477"},"content":{"rendered":"<p>Una fragancia fresca, verde y revitalizante que evoca la serenidad de la naturaleza y la pureza del aire libre. Desde la apertura, las <em data-start=\"302\" data-end=\"318\">notas c\u00edtricas<\/em> de <em data-start=\"322\" data-end=\"333\">mandarina<\/em> y <em data-start=\"336\" data-end=\"344\">pomelo<\/em> se entrelazan con un toque fresco de <em data-start=\"382\" data-end=\"390\">pepino<\/em>, creando una explosi\u00f3n de frescura que llena los sentidos con energ\u00eda. A medida que se despliega, las <em data-start=\"493\" data-end=\"507\">notas verdes<\/em> de <em data-start=\"511\" data-end=\"531\">p\u00e9talos de violeta<\/em> y <em data-start=\"534\" data-end=\"553\">madera de guayaco<\/em> aportan un toque terroso y ligeramente floral, evocando la calma y la limpieza de un bosque despu\u00e9s de la lluvia. El fondo amaderado, con toques de <em data-start=\"702\" data-end=\"709\">cedro<\/em> y <em data-start=\"712\" data-end=\"722\">almizcle<\/em>, da una base suave y envolvente que refuerza la sensaci\u00f3n de frescura natural y serenidad. Esta fragancia es perfecta para quienes buscan una experiencia olfativa <em data-start=\"886\" data-end=\"894\">fresca<\/em>, <em data-start=\"896\" data-end=\"904\">ligera<\/em> y <em data-start=\"907\" data-end=\"916\">natural<\/em>, ideal para el d\u00eda a d\u00eda, transmitiendo una sensaci\u00f3n de bienestar y conexi\u00f3n con la naturaleza.<\/p>\n","protected":false},"excerpt":{"rendered":"<p>Similar a Polo Earth de Ralph Lauren<\/p>\n","protected":false},"featured_media":3478,"comment_status":"open","ping_status":"closed","template":"","meta":[],"product_brand":[],"product_cat":[882],"product_tag":[],"class_list":{"0":"post-3036","1":"product","2":"type-product","3":"status-publish","4":"has-post-thumbnail","6":"product_cat-ralph-lauren","8":"first","9":"instock","10":"shipping-taxable","11":"product-type-simple"},"_links":{"self":[{"href":"https:\/\/divainers.com\/en\/wp-json\/wp\/v2\/product\/3036","targetHints":{"allow":["GET"]}}],"collection":[{"href":"https:\/\/divainers.com\/en\/wp-json\/wp\/v2\/product"}],"about":[{"href":"https:\/\/divainers.com\/en\/wp-json\/wp\/v2\/types\/product"}],"replies":[{"embeddable":true,"href":"https:\/\/divainers.com\/en\/wp-json\/wp\/v2\/comments?post=3036"}],"wp:featuredmedia":[{"embeddable":true,"href":"https:\/\/divainers.com\/en\/wp-json\/wp\/v2\/media\/3478"}],"wp:attachment":[{"href":"https:\/\/divainers.com\/en\/wp-json\/wp\/v2\/media?parent=3036"}],"wp:term":[{"taxonomy":"product_brand","embeddable":true,"href":"https:\/\/divainers.com\/en\/wp-json\/wp\/v2\/product_brand?post=3036"},{"taxonomy":"product_cat","embeddable":true,"href":"https:\/\/divainers.com\/en\/wp-json\/wp\/v2\/product_cat?post=3036"},{"taxonomy":"product_tag","embeddable":true,"href":"https:\/\/divainers.com\/en\/wp-json\/wp\/v2\/product_tag?post=3036"}],"curies":[{"name":"wp","href":"https:\/\/api.w.org\/{rel}","templated":true}]}}