{"id":333,"date":"2025-01-31T08:31:50","date_gmt":"2025-01-31T07:31:50","guid":{"rendered":"https:\/\/divainers.com\/producto\/divain-386\/"},"modified":"2026-04-30T16:20:23","modified_gmt":"2026-04-30T14:20:23","slug":"divain-386","status":"publish","type":"product","link":"https:\/\/divainers.com\/en\/producto\/divain-386\/","title":{"rendered":"divain.386"},"content":{"rendered":"<p>Intenzivn\u00ed a z\u00e1hadn\u00e1 v\u016fn\u011b s kou\u0159ov\u00fdm a ko\u0159en\u011bn\u00fdm charakterem. Vonn\u00e9 t\u00f3ny kadidla se spojuj\u00ed s hlubokou sm\u011bs\u00ed k\u016f\u017ee, ambry a tmav\u00e9ho d\u0159eva, vytv\u00e1\u0159ej\u00edc\u00ed silnou a sofistikovanou stopu s tajemnou a bohatou atmosf\u00e9rou.<\/p>\n","protected":false},"excerpt":{"rendered":"<p>P\u0159ipom\u00edn\u00e1 Interlude od Amouage<\/p>\n","protected":false},"featured_media":15913,"comment_status":"open","ping_status":"closed","template":"","meta":[],"product_brand":[],"product_cat":[1553],"product_tag":[1341],"class_list":{"0":"post-333","1":"product","2":"type-product","3":"status-publish","4":"has-post-thumbnail","6":"product_cat-amouage","7":"product_tag-muzi","9":"first","10":"instock","11":"shipping-taxable","12":"product-type-simple"},"_links":{"self":[{"href":"https:\/\/divainers.com\/en\/wp-json\/wp\/v2\/product\/333","targetHints":{"allow":["GET"]}}],"collection":[{"href":"https:\/\/divainers.com\/en\/wp-json\/wp\/v2\/product"}],"about":[{"href":"https:\/\/divainers.com\/en\/wp-json\/wp\/v2\/types\/product"}],"replies":[{"embeddable":true,"href":"https:\/\/divainers.com\/en\/wp-json\/wp\/v2\/comments?post=333"}],"wp:featuredmedia":[{"embeddable":true,"href":"https:\/\/divainers.com\/en\/wp-json\/wp\/v2\/media\/15913"}],"wp:attachment":[{"href":"https:\/\/divainers.com\/en\/wp-json\/wp\/v2\/media?parent=333"}],"wp:term":[{"taxonomy":"product_brand","embeddable":true,"href":"https:\/\/divainers.com\/en\/wp-json\/wp\/v2\/product_brand?post=333"},{"taxonomy":"product_cat","embeddable":true,"href":"https:\/\/divainers.com\/en\/wp-json\/wp\/v2\/product_cat?post=333"},{"taxonomy":"product_tag","embeddable":true,"href":"https:\/\/divainers.com\/en\/wp-json\/wp\/v2\/product_tag?post=333"}],"curies":[{"name":"wp","href":"https:\/\/api.w.org\/{rel}","templated":true}]}}