{"id":365,"date":"2025-01-31T08:31:54","date_gmt":"2025-01-31T07:31:54","guid":{"rendered":"https:\/\/divainers.com\/producto\/divain-762\/"},"modified":"2026-04-30T16:20:59","modified_gmt":"2026-04-30T14:20:59","slug":"divain-762","status":"publish","type":"product","link":"https:\/\/divainers.com\/en\/producto\/divain-762\/","title":{"rendered":"divain.762"},"content":{"rendered":"<p>Tato v\u016fn\u011b okouzl\u00ed od prvn\u00edho okam\u017eiku sm\u011bs\u00ed \u017eiv\u00fdch ovocn\u00fdch t\u00f3n\u016f, kde \u0161\u0165avnat\u00e1 hru\u0161ka se spojuje se zral\u00fdmi jahodami a \u010dern\u00fdm ryb\u00edzem, vytv\u00e1\u0159ej\u00edc sladk\u00fd a energick\u00fd \u00favod. V jej\u00edm srdci rozkv\u00e9taj\u00ed kv\u011btinov\u00e9 akordy zimolezu, pivo\u0148ky a r\u016f\u017ee, kter\u00e9 p\u0159in\u00e1\u0161ej\u00ed jemnou a \u017eenskou eleganci. Nakonec z\u00e1kladn\u00ed t\u00f3ny pi\u017ema a cedrov\u00e9ho d\u0159eva nab\u00edzej\u00ed tepl\u00fd a \u00fatuln\u00fd z\u00e1klad, zanech\u00e1vaj\u00edc\u00ed dlouhotrvaj\u00edc\u00ed a sofistikovanou stopu. Tento parf\u00e9m s p\u0159\u00edrodn\u00edmi a udr\u017eiteln\u00fdmi ingrediencemi odr\u00e1\u017e\u00ed dobrodru\u017en\u00e9ho a dynamick\u00e9ho ducha modern\u00ed \u017eeny, ide\u00e1ln\u00ed pro ty, kte\u0159\u00ed hledaj\u00ed sv\u011b\u017e\u00ed a mladistvou v\u016fni, kter\u00e1 dopln\u00ed jejich ka\u017edodenn\u00ed styl.<\/p>\n","protected":false},"excerpt":{"rendered":"<p>P\u0159ipom\u00edn\u00e1 Burberry Her EDT od Burberry<\/p>\n","protected":false},"featured_media":15929,"comment_status":"open","ping_status":"closed","template":"","meta":[],"product_brand":[],"product_cat":[1922],"product_tag":[1444],"class_list":{"0":"post-365","1":"product","2":"type-product","3":"status-publish","4":"has-post-thumbnail","6":"product_cat-burberry","7":"product_tag-kvinner","9":"first","10":"instock","11":"shipping-taxable","12":"product-type-simple"},"_links":{"self":[{"href":"https:\/\/divainers.com\/en\/wp-json\/wp\/v2\/product\/365","targetHints":{"allow":["GET"]}}],"collection":[{"href":"https:\/\/divainers.com\/en\/wp-json\/wp\/v2\/product"}],"about":[{"href":"https:\/\/divainers.com\/en\/wp-json\/wp\/v2\/types\/product"}],"replies":[{"embeddable":true,"href":"https:\/\/divainers.com\/en\/wp-json\/wp\/v2\/comments?post=365"}],"wp:featuredmedia":[{"embeddable":true,"href":"https:\/\/divainers.com\/en\/wp-json\/wp\/v2\/media\/15929"}],"wp:attachment":[{"href":"https:\/\/divainers.com\/en\/wp-json\/wp\/v2\/media?parent=365"}],"wp:term":[{"taxonomy":"product_brand","embeddable":true,"href":"https:\/\/divainers.com\/en\/wp-json\/wp\/v2\/product_brand?post=365"},{"taxonomy":"product_cat","embeddable":true,"href":"https:\/\/divainers.com\/en\/wp-json\/wp\/v2\/product_cat?post=365"},{"taxonomy":"product_tag","embeddable":true,"href":"https:\/\/divainers.com\/en\/wp-json\/wp\/v2\/product_tag?post=365"}],"curies":[{"name":"wp","href":"https:\/\/api.w.org\/{rel}","templated":true}]}}