{"id":378,"date":"2025-01-31T08:31:55","date_gmt":"2025-01-31T07:31:55","guid":{"rendered":"https:\/\/divainers.com\/producto\/divain-721\/"},"modified":"2026-04-30T16:21:19","modified_gmt":"2026-04-30T14:21:19","slug":"divain-721","status":"publish","type":"product","link":"https:\/\/divainers.com\/en\/producto\/divain-721\/","title":{"rendered":"divain.721"},"content":{"rendered":"<p>\u017div\u00e1 a z\u00e1\u0159iv\u00e1 v\u016fn\u011b, ide\u00e1ln\u00ed pro ty, kte\u0159\u00ed hledaj\u00ed sv\u011b\u017e\u00ed a energick\u00fd z\u00e1\u017eitek. Omnia Golden Citrine se otev\u00edr\u00e1 exploz\u00ed jasn\u00fdch citrusov\u00fdch t\u00f3n\u016f jako mandarinka a grapefruit, kter\u00e9 p\u0159in\u00e1\u0161ej\u00ed z\u00e1\u0159ivou sv\u011b\u017eest. Kv\u011btinov\u00e9 srdce odhaluje jemnost frangipani a pomeran\u010dov\u00e9ho kv\u011btu, p\u0159id\u00e1vaj\u00edc\u00ed \u017eensk\u00fd a exotick\u00fd rozm\u011br. V z\u00e1kladu vytv\u00e1\u0159ej\u00ed t\u00f3ny jantaru a d\u0159eva tepl\u00fd a obklopuj\u00edc\u00ed pocit, kter\u00fd dod\u00e1v\u00e1 hloubku a trvanlivost. Tato v\u016fn\u011b vyvol\u00e1v\u00e1 pocit v\u011b\u010dn\u00e9ho letn\u00edho sv\u011b\u017eesti s ovocn\u00fdmi, kv\u011btinov\u00fdmi a lehce jantarov\u00fdmi t\u00f3ny, ide\u00e1ln\u00ed pro ty, kte\u0159\u00ed hledaj\u00ed sv\u011b\u017e\u00ed, ale sofistikovan\u00fd parf\u00e9m.<\/p>\n","protected":false},"excerpt":{"rendered":"<p>P\u0159ipom\u00edn\u00e1 Omnia Golden Citrine od Bvlgari<\/p>\n","protected":false},"featured_media":15943,"comment_status":"open","ping_status":"closed","template":"","meta":[],"product_brand":[],"product_cat":[1936],"product_tag":[1420],"class_list":{"0":"post-378","1":"product","2":"type-product","3":"status-publish","4":"has-post-thumbnail","6":"product_cat-bvlgari","7":"product_tag-frauen","9":"first","10":"instock","11":"shipping-taxable","12":"product-type-simple"},"_links":{"self":[{"href":"https:\/\/divainers.com\/en\/wp-json\/wp\/v2\/product\/378","targetHints":{"allow":["GET"]}}],"collection":[{"href":"https:\/\/divainers.com\/en\/wp-json\/wp\/v2\/product"}],"about":[{"href":"https:\/\/divainers.com\/en\/wp-json\/wp\/v2\/types\/product"}],"replies":[{"embeddable":true,"href":"https:\/\/divainers.com\/en\/wp-json\/wp\/v2\/comments?post=378"}],"wp:featuredmedia":[{"embeddable":true,"href":"https:\/\/divainers.com\/en\/wp-json\/wp\/v2\/media\/15943"}],"wp:attachment":[{"href":"https:\/\/divainers.com\/en\/wp-json\/wp\/v2\/media?parent=378"}],"wp:term":[{"taxonomy":"product_brand","embeddable":true,"href":"https:\/\/divainers.com\/en\/wp-json\/wp\/v2\/product_brand?post=378"},{"taxonomy":"product_cat","embeddable":true,"href":"https:\/\/divainers.com\/en\/wp-json\/wp\/v2\/product_cat?post=378"},{"taxonomy":"product_tag","embeddable":true,"href":"https:\/\/divainers.com\/en\/wp-json\/wp\/v2\/product_tag?post=378"}],"curies":[{"name":"wp","href":"https:\/\/api.w.org\/{rel}","templated":true}]}}