{"id":457,"date":"2025-01-31T08:32:05","date_gmt":"2025-01-31T07:32:05","guid":{"rendered":"https:\/\/divainers.com\/producto\/divain-085\/"},"modified":"2026-03-16T16:07:23","modified_gmt":"2026-03-16T15:07:23","slug":"divain-085","status":"publish","type":"product","link":"https:\/\/divainers.com\/en\/producto\/divain-085\/","title":{"rendered":"divain.085"},"content":{"rendered":"<p>Un aroma elegante y vers\u00e1til que deslumbra con su equilibrio entre frescura, sensualidad y sofisticaci\u00f3n. Su apertura luminosa de bergamota y mandarina aporta un toque c\u00edtrico vibrante y refinado. En el coraz\u00f3n, la combinaci\u00f3n de jazm\u00edn, rosa y magnolia envuelve la fragancia en una feminidad c\u00e1lida y envolvente. En el fondo, la vainilla, el vetiver y el s\u00e1ndalo crean una estela cremosa y sensual, perfecta para la mujer elegante, segura de s\u00ed misma y con un magnetismo natural que cautiva sin esfuerzo.<\/p>\n","protected":false},"excerpt":{"rendered":"<p>Recuerda a Allure de Chanel<\/p>\n","protected":false},"featured_media":3452,"comment_status":"open","ping_status":"closed","template":"","meta":[],"product_brand":[],"product_cat":[2124],"product_tag":[1424],"class_list":{"0":"post-457","1":"product","2":"type-product","3":"status-publish","4":"has-post-thumbnail","6":"product_cat-chanel","7":"product_tag-femmes","9":"first","10":"instock","11":"shipping-taxable","12":"product-type-simple"},"_links":{"self":[{"href":"https:\/\/divainers.com\/en\/wp-json\/wp\/v2\/product\/457","targetHints":{"allow":["GET"]}}],"collection":[{"href":"https:\/\/divainers.com\/en\/wp-json\/wp\/v2\/product"}],"about":[{"href":"https:\/\/divainers.com\/en\/wp-json\/wp\/v2\/types\/product"}],"replies":[{"embeddable":true,"href":"https:\/\/divainers.com\/en\/wp-json\/wp\/v2\/comments?post=457"}],"wp:featuredmedia":[{"embeddable":true,"href":"https:\/\/divainers.com\/en\/wp-json\/wp\/v2\/media\/3452"}],"wp:attachment":[{"href":"https:\/\/divainers.com\/en\/wp-json\/wp\/v2\/media?parent=457"}],"wp:term":[{"taxonomy":"product_brand","embeddable":true,"href":"https:\/\/divainers.com\/en\/wp-json\/wp\/v2\/product_brand?post=457"},{"taxonomy":"product_cat","embeddable":true,"href":"https:\/\/divainers.com\/en\/wp-json\/wp\/v2\/product_cat?post=457"},{"taxonomy":"product_tag","embeddable":true,"href":"https:\/\/divainers.com\/en\/wp-json\/wp\/v2\/product_tag?post=457"}],"curies":[{"name":"wp","href":"https:\/\/api.w.org\/{rel}","templated":true}]}}