{"id":5284,"date":"2026-03-09T16:05:27","date_gmt":"2026-03-09T15:05:27","guid":{"rendered":"https:\/\/divainers.com\/?post_type=product&#038;p=5284"},"modified":"2026-04-30T15:55:33","modified_gmt":"2026-04-30T13:55:33","slug":"divain-1091","status":"publish","type":"product","link":"https:\/\/divainers.com\/en\/producto\/divain-1091\/","title":{"rendered":"divain.1091"},"content":{"rendered":"<p>Priziva intenzivnu i provokativnu slatko\u0107u, s odva\u017enim i zaraznim karakterom koji budi osjetila. To je sladokuski i obavijaju\u0107i miris, savr\u0161en za one koji u\u017eivaju u sna\u017enim, zabavnim aromama s drskom osobno\u0161\u0107u.<\/p>\n","protected":false},"excerpt":{"rendered":"<p>Podsje\u0107a na Sugar Addict od BORNTOSTANDOUT<\/p>\n","protected":false},"featured_media":15169,"comment_status":"open","ping_status":"closed","template":"","meta":[],"product_brand":[],"product_cat":[4599],"product_tag":[],"class_list":{"0":"post-5284","1":"product","2":"type-product","3":"status-publish","4":"has-post-thumbnail","6":"product_cat-sin-categorizar","8":"first","9":"instock","10":"shipping-taxable","11":"product-type-simple"},"_links":{"self":[{"href":"https:\/\/divainers.com\/en\/wp-json\/wp\/v2\/product\/5284","targetHints":{"allow":["GET"]}}],"collection":[{"href":"https:\/\/divainers.com\/en\/wp-json\/wp\/v2\/product"}],"about":[{"href":"https:\/\/divainers.com\/en\/wp-json\/wp\/v2\/types\/product"}],"replies":[{"embeddable":true,"href":"https:\/\/divainers.com\/en\/wp-json\/wp\/v2\/comments?post=5284"}],"wp:featuredmedia":[{"embeddable":true,"href":"https:\/\/divainers.com\/en\/wp-json\/wp\/v2\/media\/15169"}],"wp:attachment":[{"href":"https:\/\/divainers.com\/en\/wp-json\/wp\/v2\/media?parent=5284"}],"wp:term":[{"taxonomy":"product_brand","embeddable":true,"href":"https:\/\/divainers.com\/en\/wp-json\/wp\/v2\/product_brand?post=5284"},{"taxonomy":"product_cat","embeddable":true,"href":"https:\/\/divainers.com\/en\/wp-json\/wp\/v2\/product_cat?post=5284"},{"taxonomy":"product_tag","embeddable":true,"href":"https:\/\/divainers.com\/en\/wp-json\/wp\/v2\/product_tag?post=5284"}],"curies":[{"name":"wp","href":"https:\/\/api.w.org\/{rel}","templated":true}]}}