{"id":573,"date":"2025-01-31T08:32:19","date_gmt":"2025-01-31T07:32:19","guid":{"rendered":"https:\/\/divainers.com\/producto\/divain-110\/"},"modified":"2026-03-16T16:07:33","modified_gmt":"2026-03-16T15:07:33","slug":"divain-110","status":"publish","type":"product","link":"https:\/\/divainers.com\/en\/producto\/divain-110\/","title":{"rendered":"divain.110"},"content":{"rendered":"<p>Un aroma vibrante y moderno que captura la energ\u00eda y el dinamismo de la ciudad. Su apertura chispeante de c\u00edtricos, vodka helado y hojas de tomate aporta una frescura electrizante y \u00fanica. En el coraz\u00f3n, el lirio de los valles, la orqu\u00eddea y la flor de narciso envuelven la fragancia en una feminidad sofisticada y urbana. En el fondo, la madera de abedul y el \u00e1mbar blanco crean una estela limpia y envolvente, perfecta para la mujer cosmopolita, segura de s\u00ed misma y con un estilo fresco y contempor\u00e1neo.<\/p>\n","protected":false},"excerpt":{"rendered":"<p>Recuerda a DKNY Women de DKNY<\/p>\n","protected":false},"featured_media":3466,"comment_status":"open","ping_status":"closed","template":"","meta":[],"product_brand":[],"product_cat":[316],"product_tag":[1456],"class_list":{"0":"post-573","1":"product","2":"type-product","3":"status-publish","4":"has-post-thumbnail","6":"product_cat-dkny","7":"product_tag-1456","9":"first","10":"instock","11":"shipping-taxable","12":"product-type-simple"},"_links":{"self":[{"href":"https:\/\/divainers.com\/en\/wp-json\/wp\/v2\/product\/573","targetHints":{"allow":["GET"]}}],"collection":[{"href":"https:\/\/divainers.com\/en\/wp-json\/wp\/v2\/product"}],"about":[{"href":"https:\/\/divainers.com\/en\/wp-json\/wp\/v2\/types\/product"}],"replies":[{"embeddable":true,"href":"https:\/\/divainers.com\/en\/wp-json\/wp\/v2\/comments?post=573"}],"wp:featuredmedia":[{"embeddable":true,"href":"https:\/\/divainers.com\/en\/wp-json\/wp\/v2\/media\/3466"}],"wp:attachment":[{"href":"https:\/\/divainers.com\/en\/wp-json\/wp\/v2\/media?parent=573"}],"wp:term":[{"taxonomy":"product_brand","embeddable":true,"href":"https:\/\/divainers.com\/en\/wp-json\/wp\/v2\/product_brand?post=573"},{"taxonomy":"product_cat","embeddable":true,"href":"https:\/\/divainers.com\/en\/wp-json\/wp\/v2\/product_cat?post=573"},{"taxonomy":"product_tag","embeddable":true,"href":"https:\/\/divainers.com\/en\/wp-json\/wp\/v2\/product_tag?post=573"}],"curies":[{"name":"wp","href":"https:\/\/api.w.org\/{rel}","templated":true}]}}