{"id":594,"date":"2025-01-31T08:32:22","date_gmt":"2025-01-31T07:32:22","guid":{"rendered":"https:\/\/divainers.com\/producto\/divain-120\/"},"modified":"2026-03-16T16:07:34","modified_gmt":"2026-03-16T15:07:34","slug":"divain-120","status":"publish","type":"product","link":"https:\/\/divainers.com\/en\/producto\/divain-120\/","title":{"rendered":"divain.120"},"content":{"rendered":"<p>Un aroma radiante y sofisticado que envuelve los sentidos con su feminidad luminosa. Su apertura chispeante de flor de azahar aporta una frescura soleada y vibrante. En el coraz\u00f3n, el jazm\u00edn sambac despliega su elegancia embriagadora, envolviendo la fragancia en una sensualidad et\u00e9rea. En el fondo, el cedro, la miel y el pachul\u00ed crean una estela c\u00e1lida, envolvente y adictiva, perfecta para la mujer elegante, segura de s\u00ed misma y con un aura de luz y distinci\u00f3n que deja huella a su paso.<\/p>\n","protected":false},"excerpt":{"rendered":"<p>Recuerda a Elie Saab Le Parfum de Elie Saab<\/p>\n","protected":false},"featured_media":3611,"comment_status":"open","ping_status":"closed","template":"","meta":[],"product_brand":[],"product_cat":[341],"product_tag":[1420],"class_list":{"0":"post-594","1":"product","2":"type-product","3":"status-publish","4":"has-post-thumbnail","6":"product_cat-elie-saab","7":"product_tag-frauen","9":"first","10":"instock","11":"shipping-taxable","12":"product-type-simple"},"_links":{"self":[{"href":"https:\/\/divainers.com\/en\/wp-json\/wp\/v2\/product\/594","targetHints":{"allow":["GET"]}}],"collection":[{"href":"https:\/\/divainers.com\/en\/wp-json\/wp\/v2\/product"}],"about":[{"href":"https:\/\/divainers.com\/en\/wp-json\/wp\/v2\/types\/product"}],"replies":[{"embeddable":true,"href":"https:\/\/divainers.com\/en\/wp-json\/wp\/v2\/comments?post=594"}],"wp:featuredmedia":[{"embeddable":true,"href":"https:\/\/divainers.com\/en\/wp-json\/wp\/v2\/media\/3611"}],"wp:attachment":[{"href":"https:\/\/divainers.com\/en\/wp-json\/wp\/v2\/media?parent=594"}],"wp:term":[{"taxonomy":"product_brand","embeddable":true,"href":"https:\/\/divainers.com\/en\/wp-json\/wp\/v2\/product_brand?post=594"},{"taxonomy":"product_cat","embeddable":true,"href":"https:\/\/divainers.com\/en\/wp-json\/wp\/v2\/product_cat?post=594"},{"taxonomy":"product_tag","embeddable":true,"href":"https:\/\/divainers.com\/en\/wp-json\/wp\/v2\/product_tag?post=594"}],"curies":[{"name":"wp","href":"https:\/\/api.w.org\/{rel}","templated":true}]}}