{"id":633,"date":"2025-01-31T08:32:27","date_gmt":"2025-01-31T07:32:27","guid":{"rendered":"https:\/\/divainers.com\/producto\/divain-135\/"},"modified":"2026-03-16T16:07:38","modified_gmt":"2026-03-16T15:07:38","slug":"divain-135","status":"publish","type":"product","link":"https:\/\/divainers.com\/en\/producto\/divain-135\/","title":{"rendered":"divain.135"},"content":{"rendered":"<p>Un aroma moderno y atrevido que refleja el brillo y la sofisticaci\u00f3n de la vida urbana. Su apertura chispeante de grosella negra y ciruela aporta un toque afrutado, vibrante y adictivo. En el coraz\u00f3n, un elegante bouquet de rosa y fresia envuelve la fragancia en una feminidad sofisticada y magn\u00e9tica. En el fondo, la vainilla y el pachul\u00ed crean una estela c\u00e1lida, envolvente y seductora, perfecta para la mujer cosmopolita, segura de s\u00ed misma y con un estilo inconfundible que deja huella a su paso.<\/p>\n","protected":false},"excerpt":{"rendered":"<p>Recuerda a City Glam For Her de Giorgio Armani<\/p>\n","protected":false},"featured_media":3622,"comment_status":"open","ping_status":"closed","template":"","meta":[],"product_brand":[],"product_cat":[381],"product_tag":[38],"class_list":{"0":"post-633","1":"product","2":"type-product","3":"status-publish","4":"has-post-thumbnail","6":"product_cat-giorgio-armani","7":"product_tag-mujer","9":"first","10":"instock","11":"shipping-taxable","12":"product-type-simple"},"_links":{"self":[{"href":"https:\/\/divainers.com\/en\/wp-json\/wp\/v2\/product\/633","targetHints":{"allow":["GET"]}}],"collection":[{"href":"https:\/\/divainers.com\/en\/wp-json\/wp\/v2\/product"}],"about":[{"href":"https:\/\/divainers.com\/en\/wp-json\/wp\/v2\/types\/product"}],"replies":[{"embeddable":true,"href":"https:\/\/divainers.com\/en\/wp-json\/wp\/v2\/comments?post=633"}],"wp:featuredmedia":[{"embeddable":true,"href":"https:\/\/divainers.com\/en\/wp-json\/wp\/v2\/media\/3622"}],"wp:attachment":[{"href":"https:\/\/divainers.com\/en\/wp-json\/wp\/v2\/media?parent=633"}],"wp:term":[{"taxonomy":"product_brand","embeddable":true,"href":"https:\/\/divainers.com\/en\/wp-json\/wp\/v2\/product_brand?post=633"},{"taxonomy":"product_cat","embeddable":true,"href":"https:\/\/divainers.com\/en\/wp-json\/wp\/v2\/product_cat?post=633"},{"taxonomy":"product_tag","embeddable":true,"href":"https:\/\/divainers.com\/en\/wp-json\/wp\/v2\/product_tag?post=633"}],"curies":[{"name":"wp","href":"https:\/\/api.w.org\/{rel}","templated":true}]}}