{"id":641,"date":"2025-01-31T08:32:28","date_gmt":"2025-01-31T07:32:28","guid":{"rendered":"https:\/\/divainers.com\/producto\/divain-403\/"},"modified":"2026-03-16T16:07:38","modified_gmt":"2026-03-16T15:07:38","slug":"divain-403","status":"publish","type":"product","link":"https:\/\/divainers.com\/en\/producto\/divain-403\/","title":{"rendered":"divain.403"},"content":{"rendered":"<p>Una interpretaci\u00f3n intensa y sofisticada de la frescura marina, donde las notas acu\u00e1ticas se entrelazan con la profundidad del incienso y la calidez de maderas ambaradas. Su car\u00e1cter refinado y envolvente proyecta elegancia atemporal con un aire moderno y sensual.<\/p>\n","protected":false},"excerpt":{"rendered":"<p>Recuerda a Acqua di Gi\u00f2 Parfum de Giorgio Armani<\/p>\n","protected":false},"featured_media":3571,"comment_status":"open","ping_status":"closed","template":"","meta":[],"product_brand":[],"product_cat":[381],"product_tag":[1367],"class_list":{"0":"post-641","1":"product","2":"type-product","3":"status-publish","4":"has-post-thumbnail","6":"product_cat-giorgio-armani","7":"product_tag-moski","9":"first","10":"instock","11":"shipping-taxable","12":"product-type-simple"},"_links":{"self":[{"href":"https:\/\/divainers.com\/en\/wp-json\/wp\/v2\/product\/641","targetHints":{"allow":["GET"]}}],"collection":[{"href":"https:\/\/divainers.com\/en\/wp-json\/wp\/v2\/product"}],"about":[{"href":"https:\/\/divainers.com\/en\/wp-json\/wp\/v2\/types\/product"}],"replies":[{"embeddable":true,"href":"https:\/\/divainers.com\/en\/wp-json\/wp\/v2\/comments?post=641"}],"wp:featuredmedia":[{"embeddable":true,"href":"https:\/\/divainers.com\/en\/wp-json\/wp\/v2\/media\/3571"}],"wp:attachment":[{"href":"https:\/\/divainers.com\/en\/wp-json\/wp\/v2\/media?parent=641"}],"wp:term":[{"taxonomy":"product_brand","embeddable":true,"href":"https:\/\/divainers.com\/en\/wp-json\/wp\/v2\/product_brand?post=641"},{"taxonomy":"product_cat","embeddable":true,"href":"https:\/\/divainers.com\/en\/wp-json\/wp\/v2\/product_cat?post=641"},{"taxonomy":"product_tag","embeddable":true,"href":"https:\/\/divainers.com\/en\/wp-json\/wp\/v2\/product_tag?post=641"}],"curies":[{"name":"wp","href":"https:\/\/api.w.org\/{rel}","templated":true}]}}