{"id":679,"date":"2025-01-31T08:32:33","date_gmt":"2025-01-31T07:32:33","guid":{"rendered":"https:\/\/divainers.com\/producto\/divain-689\/"},"modified":"2026-03-16T16:07:41","modified_gmt":"2026-03-16T15:07:41","slug":"divain-689","status":"publish","type":"product","link":"https:\/\/divainers.com\/en\/producto\/divain-689\/","title":{"rendered":"divain.689"},"content":{"rendered":"<p>Una fragancia intensa y envolvente que evoca una sensaci\u00f3n de lujo y misterio. Desde el primer toque, notas verdes frescas se mezclan con toques de mandarina y bergamota, creando una apertura vibrante. A medida que evoluciona, un coraz\u00f3n floral de jazm\u00edn y lirio de los valles se entrelaza con un sutil toque de especias que le da un car\u00e1cter \u00fanico y sofisticado. En su fondo, el rico y c\u00e1lido \u00e1mbar, el cedro y el almizcle ofrecen una estela profunda y duradera, dejando una impresi\u00f3n que es tanto seductora como intrigante.<\/p>\n","protected":false},"excerpt":{"rendered":"<p>Recuerda a Envy de Gucci<\/p>\n","protected":false},"featured_media":3121,"comment_status":"open","ping_status":"closed","template":"","meta":[],"product_brand":[],"product_cat":[426],"product_tag":[38],"class_list":{"0":"post-679","1":"product","2":"type-product","3":"status-publish","4":"has-post-thumbnail","6":"product_cat-gucci","7":"product_tag-mujer","9":"first","10":"instock","11":"shipping-taxable","12":"product-type-simple"},"_links":{"self":[{"href":"https:\/\/divainers.com\/en\/wp-json\/wp\/v2\/product\/679","targetHints":{"allow":["GET"]}}],"collection":[{"href":"https:\/\/divainers.com\/en\/wp-json\/wp\/v2\/product"}],"about":[{"href":"https:\/\/divainers.com\/en\/wp-json\/wp\/v2\/types\/product"}],"replies":[{"embeddable":true,"href":"https:\/\/divainers.com\/en\/wp-json\/wp\/v2\/comments?post=679"}],"wp:featuredmedia":[{"embeddable":true,"href":"https:\/\/divainers.com\/en\/wp-json\/wp\/v2\/media\/3121"}],"wp:attachment":[{"href":"https:\/\/divainers.com\/en\/wp-json\/wp\/v2\/media?parent=679"}],"wp:term":[{"taxonomy":"product_brand","embeddable":true,"href":"https:\/\/divainers.com\/en\/wp-json\/wp\/v2\/product_brand?post=679"},{"taxonomy":"product_cat","embeddable":true,"href":"https:\/\/divainers.com\/en\/wp-json\/wp\/v2\/product_cat?post=679"},{"taxonomy":"product_tag","embeddable":true,"href":"https:\/\/divainers.com\/en\/wp-json\/wp\/v2\/product_tag?post=679"}],"curies":[{"name":"wp","href":"https:\/\/api.w.org\/{rel}","templated":true}]}}