{"id":693,"date":"2025-01-31T08:32:35","date_gmt":"2025-01-31T07:32:35","guid":{"rendered":"https:\/\/divainers.com\/producto\/divain-723\/"},"modified":"2026-03-16T16:07:42","modified_gmt":"2026-03-16T15:07:42","slug":"divain-723","status":"publish","type":"product","link":"https:\/\/divainers.com\/en\/producto\/divain-723\/","title":{"rendered":"divain.723"},"content":{"rendered":"<p>Es una fragancia que ofrece una interpretaci\u00f3n m\u00e1s dulce y opulenta de la ic\u00f3nica esencia original. La apertura destaca por su jugosa cereza y una mezcla afrutada que da paso a un coraz\u00f3n floral donde predominan el rosa y el almizcle. En la base, las notas de haba tonka, vainilla y un toque amaderado crean una sensaci\u00f3n c\u00e1lida y envolvente. La fragancia transmite elegancia y sensualidad, con una riqueza dulce que la convierte en una opci\u00f3n ideal para la noche o para ocasiones especiales donde se desea dejar una impresi\u00f3n duradera.<\/p>\n","protected":false},"excerpt":{"rendered":"<p>Recuerda a La Petite Robe Noire Nectar de Guerlain<\/p>\n","protected":false},"featured_media":3082,"comment_status":"open","ping_status":"closed","template":"","meta":[],"product_brand":[],"product_cat":[443],"product_tag":[1446],"class_list":{"0":"post-693","1":"product","2":"type-product","3":"status-publish","4":"has-post-thumbnail","6":"product_cat-guerlain","7":"product_tag-zenske","9":"first","10":"instock","11":"shipping-taxable","12":"product-type-simple"},"_links":{"self":[{"href":"https:\/\/divainers.com\/en\/wp-json\/wp\/v2\/product\/693","targetHints":{"allow":["GET"]}}],"collection":[{"href":"https:\/\/divainers.com\/en\/wp-json\/wp\/v2\/product"}],"about":[{"href":"https:\/\/divainers.com\/en\/wp-json\/wp\/v2\/types\/product"}],"replies":[{"embeddable":true,"href":"https:\/\/divainers.com\/en\/wp-json\/wp\/v2\/comments?post=693"}],"wp:featuredmedia":[{"embeddable":true,"href":"https:\/\/divainers.com\/en\/wp-json\/wp\/v2\/media\/3082"}],"wp:attachment":[{"href":"https:\/\/divainers.com\/en\/wp-json\/wp\/v2\/media?parent=693"}],"wp:term":[{"taxonomy":"product_brand","embeddable":true,"href":"https:\/\/divainers.com\/en\/wp-json\/wp\/v2\/product_brand?post=693"},{"taxonomy":"product_cat","embeddable":true,"href":"https:\/\/divainers.com\/en\/wp-json\/wp\/v2\/product_cat?post=693"},{"taxonomy":"product_tag","embeddable":true,"href":"https:\/\/divainers.com\/en\/wp-json\/wp\/v2\/product_tag?post=693"}],"curies":[{"name":"wp","href":"https:\/\/api.w.org\/{rel}","templated":true}]}}