{"id":697,"date":"2025-01-31T08:32:35","date_gmt":"2025-01-31T07:32:35","guid":{"rendered":"https:\/\/divainers.com\/producto\/divain-274\/"},"modified":"2026-03-16T16:07:43","modified_gmt":"2026-03-16T15:07:43","slug":"divain-274","status":"publish","type":"product","link":"https:\/\/divainers.com\/en\/producto\/divain-274\/","title":{"rendered":"divain.274"},"content":{"rendered":"<p>Es una fragancia fresca y amaderada que transmite una sensaci\u00f3n de libertad y aventura. Con notas de salida de hojas de t\u00e9 y especias, combinadas con un coraz\u00f3n de manzana y flores, y una base amaderada que incluye cedro y s\u00e1ndalo, esta fragancia captura la esencia de un viaje relajante y explorador. Es perfecta para quienes buscan una fragancia vers\u00e1til y refinada, ideal para el d\u00eda a d\u00eda, evocando elegancia y frescura al mismo tiempo.<\/p>\n","protected":false},"excerpt":{"rendered":"<p>Recuerda a Voyage de Herm\u00e8s<\/p>\n","protected":false},"featured_media":3739,"comment_status":"open","ping_status":"closed","template":"","meta":[],"product_brand":[],"product_cat":[454],"product_tag":[29],"class_list":{"0":"post-697","1":"product","2":"type-product","3":"status-publish","4":"has-post-thumbnail","6":"product_cat-hermes","7":"product_tag-unisex","9":"first","10":"instock","11":"shipping-taxable","12":"product-type-simple"},"_links":{"self":[{"href":"https:\/\/divainers.com\/en\/wp-json\/wp\/v2\/product\/697","targetHints":{"allow":["GET"]}}],"collection":[{"href":"https:\/\/divainers.com\/en\/wp-json\/wp\/v2\/product"}],"about":[{"href":"https:\/\/divainers.com\/en\/wp-json\/wp\/v2\/types\/product"}],"replies":[{"embeddable":true,"href":"https:\/\/divainers.com\/en\/wp-json\/wp\/v2\/comments?post=697"}],"wp:featuredmedia":[{"embeddable":true,"href":"https:\/\/divainers.com\/en\/wp-json\/wp\/v2\/media\/3739"}],"wp:attachment":[{"href":"https:\/\/divainers.com\/en\/wp-json\/wp\/v2\/media?parent=697"}],"wp:term":[{"taxonomy":"product_brand","embeddable":true,"href":"https:\/\/divainers.com\/en\/wp-json\/wp\/v2\/product_brand?post=697"},{"taxonomy":"product_cat","embeddable":true,"href":"https:\/\/divainers.com\/en\/wp-json\/wp\/v2\/product_cat?post=697"},{"taxonomy":"product_tag","embeddable":true,"href":"https:\/\/divainers.com\/en\/wp-json\/wp\/v2\/product_tag?post=697"}],"curies":[{"name":"wp","href":"https:\/\/api.w.org\/{rel}","templated":true}]}}