{"id":722,"date":"2025-01-31T08:32:38","date_gmt":"2025-01-31T07:32:38","guid":{"rendered":"https:\/\/divainers.com\/producto\/divain-316\/"},"modified":"2026-03-16T16:07:45","modified_gmt":"2026-03-16T15:07:45","slug":"divain-316","status":"publish","type":"product","link":"https:\/\/divainers.com\/en\/producto\/divain-316\/","title":{"rendered":"divain.316"},"content":{"rendered":"<p>Una fragancia fresca y energizante con un car\u00e1cter vibrante y moderno. Se abre con una explosi\u00f3n de menta helada, aportando un efecto revitalizante. En el coraz\u00f3n, el t\u00e9 y las notas arom\u00e1ticas brindan un matiz limpio y vigorizante. La base de vetiver a\u00f1ade profundidad y masculinidad, dejando una estela fresca y sofisticada, ideal para quienes buscan una sensaci\u00f3n de frescura duradera.<\/p>\n","protected":false},"excerpt":{"rendered":"<p>Recuerda a Hugo Iced de Hugo Boss<\/p>\n","protected":false},"featured_media":3775,"comment_status":"open","ping_status":"closed","template":"","meta":[],"product_brand":[],"product_cat":[469],"product_tag":[1364],"class_list":{"0":"post-722","1":"product","2":"type-product","3":"status-publish","4":"has-post-thumbnail","6":"product_cat-hugo-boss","7":"product_tag-menn","9":"first","10":"instock","11":"shipping-taxable","12":"product-type-simple"},"_links":{"self":[{"href":"https:\/\/divainers.com\/en\/wp-json\/wp\/v2\/product\/722","targetHints":{"allow":["GET"]}}],"collection":[{"href":"https:\/\/divainers.com\/en\/wp-json\/wp\/v2\/product"}],"about":[{"href":"https:\/\/divainers.com\/en\/wp-json\/wp\/v2\/types\/product"}],"replies":[{"embeddable":true,"href":"https:\/\/divainers.com\/en\/wp-json\/wp\/v2\/comments?post=722"}],"wp:featuredmedia":[{"embeddable":true,"href":"https:\/\/divainers.com\/en\/wp-json\/wp\/v2\/media\/3775"}],"wp:attachment":[{"href":"https:\/\/divainers.com\/en\/wp-json\/wp\/v2\/media?parent=722"}],"wp:term":[{"taxonomy":"product_brand","embeddable":true,"href":"https:\/\/divainers.com\/en\/wp-json\/wp\/v2\/product_brand?post=722"},{"taxonomy":"product_cat","embeddable":true,"href":"https:\/\/divainers.com\/en\/wp-json\/wp\/v2\/product_cat?post=722"},{"taxonomy":"product_tag","embeddable":true,"href":"https:\/\/divainers.com\/en\/wp-json\/wp\/v2\/product_tag?post=722"}],"curies":[{"name":"wp","href":"https:\/\/api.w.org\/{rel}","templated":true}]}}