{"id":730,"date":"2025-01-31T08:32:39","date_gmt":"2025-01-31T07:32:39","guid":{"rendered":"https:\/\/divainers.com\/producto\/divain-109\/"},"modified":"2026-03-16T16:07:46","modified_gmt":"2026-03-16T15:07:46","slug":"divain-109","status":"publish","type":"product","link":"https:\/\/divainers.com\/en\/producto\/divain-109\/","title":{"rendered":"divain.109"},"content":{"rendered":"<p>Un aroma puro y armonioso que evoca la frescura del agua y la serenidad de la naturaleza. Su apertura luminosa de mel\u00f3n y loto aporta una sensaci\u00f3n cristalina y refrescante. En el coraz\u00f3n, el lirio y la peon\u00eda envuelven la fragancia en una feminidad delicada y et\u00e9rea. En el fondo, el almizcle y las maderas preciosas crean una estela suave y envolvente, perfecta para la mujer elegante, serena y con un esp\u00edritu libre que encuentra belleza en la simplicidad.<\/p>\n","protected":false},"excerpt":{"rendered":"<p>Recuerda a L&#8217;eau D&#8217;Issey Eau de Toilette de Issey Miyake<\/p>\n","protected":false},"featured_media":3364,"comment_status":"open","ping_status":"closed","template":"","meta":[],"product_brand":[],"product_cat":[491],"product_tag":[38],"class_list":{"0":"post-730","1":"product","2":"type-product","3":"status-publish","4":"has-post-thumbnail","6":"product_cat-issey-miyake","7":"product_tag-mujer","9":"first","10":"instock","11":"shipping-taxable","12":"product-type-simple"},"_links":{"self":[{"href":"https:\/\/divainers.com\/en\/wp-json\/wp\/v2\/product\/730","targetHints":{"allow":["GET"]}}],"collection":[{"href":"https:\/\/divainers.com\/en\/wp-json\/wp\/v2\/product"}],"about":[{"href":"https:\/\/divainers.com\/en\/wp-json\/wp\/v2\/types\/product"}],"replies":[{"embeddable":true,"href":"https:\/\/divainers.com\/en\/wp-json\/wp\/v2\/comments?post=730"}],"wp:featuredmedia":[{"embeddable":true,"href":"https:\/\/divainers.com\/en\/wp-json\/wp\/v2\/media\/3364"}],"wp:attachment":[{"href":"https:\/\/divainers.com\/en\/wp-json\/wp\/v2\/media?parent=730"}],"wp:term":[{"taxonomy":"product_brand","embeddable":true,"href":"https:\/\/divainers.com\/en\/wp-json\/wp\/v2\/product_brand?post=730"},{"taxonomy":"product_cat","embeddable":true,"href":"https:\/\/divainers.com\/en\/wp-json\/wp\/v2\/product_cat?post=730"},{"taxonomy":"product_tag","embeddable":true,"href":"https:\/\/divainers.com\/en\/wp-json\/wp\/v2\/product_tag?post=730"}],"curies":[{"name":"wp","href":"https:\/\/api.w.org\/{rel}","templated":true}]}}