{"id":822,"date":"2025-01-31T08:32:49","date_gmt":"2025-01-31T07:32:49","guid":{"rendered":"https:\/\/divainers.com\/producto\/divain-067\/"},"modified":"2026-03-16T16:07:54","modified_gmt":"2026-03-16T15:07:54","slug":"divain-067","status":"publish","type":"product","link":"https:\/\/divainers.com\/en\/producto\/divain-067\/","title":{"rendered":"divain.067"},"content":{"rendered":"<p>Un aroma luminoso y vibrante que refleja la energ\u00eda y la elegancia en cada nota. Su apertura chispeante de lichi y fresia aporta una frescura delicada y sofisticada. En el coraz\u00f3n, la magnolia y la pimienta combinan suavidad floral con un toque especiado, aportando car\u00e1cter y dinamismo. En el fondo, el almizcle y el \u00e1mbar crean una estela c\u00e1lida y envolvente, perfecta para la mujer optimista, radiante y segura de s\u00ed misma, que convierte cada instante en algo extraordinario.<\/p>\n","protected":false},"excerpt":{"rendered":"<p>Recuerda a Miracle de Lanc\u00f4me<\/p>\n","protected":false},"featured_media":3537,"comment_status":"open","ping_status":"closed","template":"","meta":[],"product_brand":[],"product_cat":[596],"product_tag":[1424],"class_list":{"0":"post-822","1":"product","2":"type-product","3":"status-publish","4":"has-post-thumbnail","6":"product_cat-lancome","7":"product_tag-femmes","9":"first","10":"instock","11":"shipping-taxable","12":"product-type-simple"},"_links":{"self":[{"href":"https:\/\/divainers.com\/en\/wp-json\/wp\/v2\/product\/822","targetHints":{"allow":["GET"]}}],"collection":[{"href":"https:\/\/divainers.com\/en\/wp-json\/wp\/v2\/product"}],"about":[{"href":"https:\/\/divainers.com\/en\/wp-json\/wp\/v2\/types\/product"}],"replies":[{"embeddable":true,"href":"https:\/\/divainers.com\/en\/wp-json\/wp\/v2\/comments?post=822"}],"wp:featuredmedia":[{"embeddable":true,"href":"https:\/\/divainers.com\/en\/wp-json\/wp\/v2\/media\/3537"}],"wp:attachment":[{"href":"https:\/\/divainers.com\/en\/wp-json\/wp\/v2\/media?parent=822"}],"wp:term":[{"taxonomy":"product_brand","embeddable":true,"href":"https:\/\/divainers.com\/en\/wp-json\/wp\/v2\/product_brand?post=822"},{"taxonomy":"product_cat","embeddable":true,"href":"https:\/\/divainers.com\/en\/wp-json\/wp\/v2\/product_cat?post=822"},{"taxonomy":"product_tag","embeddable":true,"href":"https:\/\/divainers.com\/en\/wp-json\/wp\/v2\/product_tag?post=822"}],"curies":[{"name":"wp","href":"https:\/\/api.w.org\/{rel}","templated":true}]}}