{"id":868,"date":"2025-01-31T08:32:56","date_gmt":"2025-01-31T07:32:56","guid":{"rendered":"https:\/\/divainers.com\/producto\/divain-690\/"},"modified":"2026-03-16T16:07:59","modified_gmt":"2026-03-16T15:07:59","slug":"divain-690","status":"publish","type":"product","link":"https:\/\/divainers.com\/en\/producto\/divain-690\/","title":{"rendered":"divain.690"},"content":{"rendered":"<p>Una fragancia delicada y radiante que captura la frescura de una flor en pleno florecimiento. En sus primeras notas, una mezcla de c\u00edtricos y hojas verdes crea una apertura ligera y vibrante. El coraz\u00f3n floral, dominado por la magnolia blanca, se entrelaza con toques suaves de peon\u00eda y jazm\u00edn, aportando un aire de elegancia y feminidad. En su fondo, una base cremosa de madera de s\u00e1ndalo y almizcle blanco a\u00f1ade una calidez sutil, creando una estela suave y envolvente que evoca pureza y sofisticaci\u00f3n.<\/p>\n","protected":false},"excerpt":{"rendered":"<p>Recuerda a Aura White Magnolia de Loewe<\/p>\n","protected":false},"featured_media":3123,"comment_status":"open","ping_status":"closed","template":"","meta":[],"product_brand":[],"product_cat":[1513],"product_tag":[1450],"class_list":{"0":"post-868","1":"product","2":"type-product","3":"status-publish","4":"has-post-thumbnail","6":"product_cat-loewe","7":"product_tag-femei","9":"first","10":"instock","11":"shipping-taxable","12":"product-type-simple"},"_links":{"self":[{"href":"https:\/\/divainers.com\/en\/wp-json\/wp\/v2\/product\/868","targetHints":{"allow":["GET"]}}],"collection":[{"href":"https:\/\/divainers.com\/en\/wp-json\/wp\/v2\/product"}],"about":[{"href":"https:\/\/divainers.com\/en\/wp-json\/wp\/v2\/types\/product"}],"replies":[{"embeddable":true,"href":"https:\/\/divainers.com\/en\/wp-json\/wp\/v2\/comments?post=868"}],"wp:featuredmedia":[{"embeddable":true,"href":"https:\/\/divainers.com\/en\/wp-json\/wp\/v2\/media\/3123"}],"wp:attachment":[{"href":"https:\/\/divainers.com\/en\/wp-json\/wp\/v2\/media?parent=868"}],"wp:term":[{"taxonomy":"product_brand","embeddable":true,"href":"https:\/\/divainers.com\/en\/wp-json\/wp\/v2\/product_brand?post=868"},{"taxonomy":"product_cat","embeddable":true,"href":"https:\/\/divainers.com\/en\/wp-json\/wp\/v2\/product_cat?post=868"},{"taxonomy":"product_tag","embeddable":true,"href":"https:\/\/divainers.com\/en\/wp-json\/wp\/v2\/product_tag?post=868"}],"curies":[{"name":"wp","href":"https:\/\/api.w.org\/{rel}","templated":true}]}}