{"id":957,"date":"2025-01-31T08:33:08","date_gmt":"2025-01-31T07:33:08","guid":{"rendered":"https:\/\/divainers.com\/producto\/divain-144\/"},"modified":"2026-03-16T16:08:08","modified_gmt":"2026-03-16T15:08:08","slug":"divain-144","status":"publish","type":"product","link":"https:\/\/divainers.com\/en\/producto\/divain-144\/","title":{"rendered":"divain.144"},"content":{"rendered":"<p>Un aroma puro y sofisticado que envuelve los sentidos con su elegancia et\u00e9rea y luminosa. Su apertura fresca de bergamota y aldeh\u00eddos aporta una sensaci\u00f3n cristalina y delicada. En el coraz\u00f3n, un bouquet empolvado de rosa y lirio de los valles despliega una feminidad suave y envolvente. En el fondo, el almizcle caracter\u00edstico y el benju\u00ed crean una estela c\u00e1lida, sensual y aterciopelada, perfecta para la mujer sofisticada, minimalista y con un aura de belleza natural que deja una impresi\u00f3n inolvidable.<\/p>\n","protected":false},"excerpt":{"rendered":"<p>Recuerda a Essence de Narciso Rodriguez<\/p>\n","protected":false},"featured_media":3628,"comment_status":"open","ping_status":"closed","template":"","meta":[],"product_brand":[],"product_cat":[749],"product_tag":[38],"class_list":{"0":"post-957","1":"product","2":"type-product","3":"status-publish","4":"has-post-thumbnail","6":"product_cat-narciso-rodriguez","7":"product_tag-mujer","9":"first","10":"instock","11":"shipping-taxable","12":"product-type-simple"},"_links":{"self":[{"href":"https:\/\/divainers.com\/en\/wp-json\/wp\/v2\/product\/957","targetHints":{"allow":["GET"]}}],"collection":[{"href":"https:\/\/divainers.com\/en\/wp-json\/wp\/v2\/product"}],"about":[{"href":"https:\/\/divainers.com\/en\/wp-json\/wp\/v2\/types\/product"}],"replies":[{"embeddable":true,"href":"https:\/\/divainers.com\/en\/wp-json\/wp\/v2\/comments?post=957"}],"wp:featuredmedia":[{"embeddable":true,"href":"https:\/\/divainers.com\/en\/wp-json\/wp\/v2\/media\/3628"}],"wp:attachment":[{"href":"https:\/\/divainers.com\/en\/wp-json\/wp\/v2\/media?parent=957"}],"wp:term":[{"taxonomy":"product_brand","embeddable":true,"href":"https:\/\/divainers.com\/en\/wp-json\/wp\/v2\/product_brand?post=957"},{"taxonomy":"product_cat","embeddable":true,"href":"https:\/\/divainers.com\/en\/wp-json\/wp\/v2\/product_cat?post=957"},{"taxonomy":"product_tag","embeddable":true,"href":"https:\/\/divainers.com\/en\/wp-json\/wp\/v2\/product_tag?post=957"}],"curies":[{"name":"wp","href":"https:\/\/api.w.org\/{rel}","templated":true}]}}