{"id":960,"date":"2025-01-31T08:33:08","date_gmt":"2025-01-31T07:33:08","guid":{"rendered":"https:\/\/divainers.com\/producto\/divain-539\/"},"modified":"2026-03-16T16:08:08","modified_gmt":"2026-03-16T15:08:08","slug":"divain-539","status":"publish","type":"product","link":"https:\/\/divainers.com\/en\/producto\/divain-539\/","title":{"rendered":"divain.539"},"content":{"rendered":"<p>Un aroma suave y envolvente que resalta la sensualidad del almizcle en una interpretaci\u00f3n fresca y delicada. Desde la apertura, una mezcla sutil de c\u00edtricos, como el bergamota y la flor de naranja, aporta una frescura ligera y aireada. En su coraz\u00f3n, el almizcle se destaca con una suavidad envolvente, acompa\u00f1ado de un toque floral de rosa y jazm\u00edn que a\u00f1ade una feminidad elegante y sofisticada. Finalmente, un fondo de \u00e1mbar y madera de cedro deja una estela c\u00e1lida, cremosa y duradera. Un perfume ideal para quienes buscan una fragancia ligera, refinada y sensual, perfecta para el d\u00eda a d\u00eda o para aquellos momentos en los que se desea una fragancia discreta pero cautivadora.<\/p>\n","protected":false},"excerpt":{"rendered":"<p>Recuerda a Essence Eau de Musc de Narciso Rodriguez<\/p>\n","protected":false},"featured_media":2945,"comment_status":"open","ping_status":"closed","template":"","meta":[],"product_brand":[],"product_cat":[749],"product_tag":[1434],"class_list":{"0":"post-960","1":"product","2":"type-product","3":"status-publish","4":"has-post-thumbnail","6":"product_cat-narciso-rodriguez","7":"product_tag-zene","9":"first","10":"instock","11":"shipping-taxable","12":"product-type-simple"},"_links":{"self":[{"href":"https:\/\/divainers.com\/en\/wp-json\/wp\/v2\/product\/960","targetHints":{"allow":["GET"]}}],"collection":[{"href":"https:\/\/divainers.com\/en\/wp-json\/wp\/v2\/product"}],"about":[{"href":"https:\/\/divainers.com\/en\/wp-json\/wp\/v2\/types\/product"}],"replies":[{"embeddable":true,"href":"https:\/\/divainers.com\/en\/wp-json\/wp\/v2\/comments?post=960"}],"wp:featuredmedia":[{"embeddable":true,"href":"https:\/\/divainers.com\/en\/wp-json\/wp\/v2\/media\/2945"}],"wp:attachment":[{"href":"https:\/\/divainers.com\/en\/wp-json\/wp\/v2\/media?parent=960"}],"wp:term":[{"taxonomy":"product_brand","embeddable":true,"href":"https:\/\/divainers.com\/en\/wp-json\/wp\/v2\/product_brand?post=960"},{"taxonomy":"product_cat","embeddable":true,"href":"https:\/\/divainers.com\/en\/wp-json\/wp\/v2\/product_cat?post=960"},{"taxonomy":"product_tag","embeddable":true,"href":"https:\/\/divainers.com\/en\/wp-json\/wp\/v2\/product_tag?post=960"}],"curies":[{"name":"wp","href":"https:\/\/api.w.org\/{rel}","templated":true}]}}