{"id":969,"date":"2025-01-31T08:33:09","date_gmt":"2025-01-31T07:33:09","guid":{"rendered":"https:\/\/divainers.com\/producto\/divain-379\/"},"modified":"2026-03-16T16:08:09","modified_gmt":"2026-03-16T15:08:09","slug":"divain-379","status":"publish","type":"product","link":"https:\/\/divainers.com\/en\/producto\/divain-379\/","title":{"rendered":"divain.379"},"content":{"rendered":"<p>Una composici\u00f3n \u00edntima y et\u00e9rea donde las notas florales se funden con matices almizclados y terrosos. Su aroma evoca una sensaci\u00f3n de piel desnuda, suave y envolvente, con un aire misterioso y sensual que juega entre lo delicado y lo salvaje.<\/p>\n","protected":false},"excerpt":{"rendered":"<p>Recuerda a Nudiflorum de Nasomatto<\/p>\n","protected":false},"featured_media":4442,"comment_status":"open","ping_status":"closed","template":"","meta":[],"product_brand":[],"product_cat":[763],"product_tag":[1403],"class_list":{"0":"post-969","1":"product","2":"type-product","3":"status-publish","4":"has-post-thumbnail","6":"product_cat-nasomatto","7":"product_tag-unisex","9":"first","10":"instock","11":"shipping-taxable","12":"product-type-simple"},"_links":{"self":[{"href":"https:\/\/divainers.com\/en\/wp-json\/wp\/v2\/product\/969","targetHints":{"allow":["GET"]}}],"collection":[{"href":"https:\/\/divainers.com\/en\/wp-json\/wp\/v2\/product"}],"about":[{"href":"https:\/\/divainers.com\/en\/wp-json\/wp\/v2\/types\/product"}],"replies":[{"embeddable":true,"href":"https:\/\/divainers.com\/en\/wp-json\/wp\/v2\/comments?post=969"}],"wp:featuredmedia":[{"embeddable":true,"href":"https:\/\/divainers.com\/en\/wp-json\/wp\/v2\/media\/4442"}],"wp:attachment":[{"href":"https:\/\/divainers.com\/en\/wp-json\/wp\/v2\/media?parent=969"}],"wp:term":[{"taxonomy":"product_brand","embeddable":true,"href":"https:\/\/divainers.com\/en\/wp-json\/wp\/v2\/product_brand?post=969"},{"taxonomy":"product_cat","embeddable":true,"href":"https:\/\/divainers.com\/en\/wp-json\/wp\/v2\/product_cat?post=969"},{"taxonomy":"product_tag","embeddable":true,"href":"https:\/\/divainers.com\/en\/wp-json\/wp\/v2\/product_tag?post=969"}],"curies":[{"name":"wp","href":"https:\/\/api.w.org\/{rel}","templated":true}]}}