{"id":1030,"date":"2025-01-31T08:33:18","date_gmt":"2025-01-31T07:33:18","guid":{"rendered":"https:\/\/divainers.com\/producto\/divain-344\/"},"modified":"2026-03-16T16:08:15","modified_gmt":"2026-03-16T15:08:15","slug":"divain-344","status":"publish","type":"product","link":"https:\/\/divainers.com\/et\/producto\/divain-344\/","title":{"rendered":"divain.344"},"content":{"rendered":"<p>Una fragancia vibrante y fresca que se abre con una explosi\u00f3n c\u00edtrica y arom\u00e1tica de bergamota, mandarina y lavanda, aportando una sensaci\u00f3n limpia y energizante. En el coraz\u00f3n, notas especiadas y florales como la violeta y el geranio a\u00f1aden un toque sofisticado y ligeramente empolvado. La base se asienta sobre maderas c\u00e1lidas, almizcle y \u00e1mbar, otorgando profundidad y una estela elegante y masculina. Perfecta para quienes buscan un aroma vers\u00e1til, refinado y moderno.<\/p>\n","protected":false},"excerpt":{"rendered":"<p>Recuerda a Percival de Parfums de Marly<\/p>\n","protected":false},"featured_media":4409,"comment_status":"open","ping_status":"closed","template":"","meta":[],"product_brand":[],"product_cat":[831],"product_tag":[1415],"class_list":{"0":"post-1030","1":"product","2":"type-product","3":"status-publish","4":"has-post-thumbnail","6":"product_cat-parfums-de-marly","7":"product_tag-unisex","9":"first","10":"instock","11":"shipping-taxable","12":"product-type-simple"},"_links":{"self":[{"href":"https:\/\/divainers.com\/et\/wp-json\/wp\/v2\/product\/1030","targetHints":{"allow":["GET"]}}],"collection":[{"href":"https:\/\/divainers.com\/et\/wp-json\/wp\/v2\/product"}],"about":[{"href":"https:\/\/divainers.com\/et\/wp-json\/wp\/v2\/types\/product"}],"replies":[{"embeddable":true,"href":"https:\/\/divainers.com\/et\/wp-json\/wp\/v2\/comments?post=1030"}],"wp:featuredmedia":[{"embeddable":true,"href":"https:\/\/divainers.com\/et\/wp-json\/wp\/v2\/media\/4409"}],"wp:attachment":[{"href":"https:\/\/divainers.com\/et\/wp-json\/wp\/v2\/media?parent=1030"}],"wp:term":[{"taxonomy":"product_brand","embeddable":true,"href":"https:\/\/divainers.com\/et\/wp-json\/wp\/v2\/product_brand?post=1030"},{"taxonomy":"product_cat","embeddable":true,"href":"https:\/\/divainers.com\/et\/wp-json\/wp\/v2\/product_cat?post=1030"},{"taxonomy":"product_tag","embeddable":true,"href":"https:\/\/divainers.com\/et\/wp-json\/wp\/v2\/product_tag?post=1030"}],"curies":[{"name":"wp","href":"https:\/\/api.w.org\/{rel}","templated":true}]}}