{"id":11281,"date":"2025-01-31T08:33:26","date_gmt":"2025-01-31T07:33:26","guid":{"rendered":"https:\/\/divainers.com\/producto\/divain-544\/"},"modified":"2026-04-30T10:49:59","modified_gmt":"2026-04-30T08:49:59","slug":"divain-544","status":"publish","type":"product","link":"https:\/\/divainers.com\/et\/producto\/divain-544\/","title":{"rendered":"divain.544"},"content":{"rendered":"<p>\u00d5rn ja s\u00e4rav l\u00f5hn, mis kutsub esile peene elegantsi ja v\u00e4rskuse nagu kalliskivi. Avamises \u00e4ratab v\u00e4rskete tsitruste ja roheliste lehtede segu meeled elavalt ja v\u00e4rskendavalt. S\u00fcdames toob roosi, jasmiini ja kevadlille \u00f5ierohke bukett esile \u00f5rna ja peene naiselikkuse, samas kui vaarika puudutus lisab kerget ja puuviljast magusust. L\u00f5puks j\u00e4tab muskus, seedripuu ja vanilje baas sooja, \u00fcmbritseva ja sensuaalse j\u00e4lje. Ideaalne parf\u00fc\u00fcm neile, kes otsivad v\u00e4rsket, lillelist ja elegantset l\u00f5hna, mis sobib igap\u00e4evaseks kandmiseks v\u00f5i eriliseks s\u00fcndmuseks, mis on t\u00e4is valgust ja graatsiat.<\/p>\n","protected":false},"excerpt":{"rendered":"<p>Tuletab meelde Aura by Swarovski<\/p>\n","protected":false},"featured_media":11279,"comment_status":"open","ping_status":"closed","template":"","meta":[],"product_brand":[],"product_cat":[3214],"product_tag":[1432],"class_list":{"0":"post-11281","1":"product","2":"type-product","3":"status-publish","4":"has-post-thumbnail","6":"product_cat-swarovski","7":"product_tag-naised","9":"first","10":"instock","11":"shipping-taxable","12":"product-type-simple"},"_links":{"self":[{"href":"https:\/\/divainers.com\/et\/wp-json\/wp\/v2\/product\/11281","targetHints":{"allow":["GET"]}}],"collection":[{"href":"https:\/\/divainers.com\/et\/wp-json\/wp\/v2\/product"}],"about":[{"href":"https:\/\/divainers.com\/et\/wp-json\/wp\/v2\/types\/product"}],"replies":[{"embeddable":true,"href":"https:\/\/divainers.com\/et\/wp-json\/wp\/v2\/comments?post=11281"}],"wp:featuredmedia":[{"embeddable":true,"href":"https:\/\/divainers.com\/et\/wp-json\/wp\/v2\/media\/11279"}],"wp:attachment":[{"href":"https:\/\/divainers.com\/et\/wp-json\/wp\/v2\/media?parent=11281"}],"wp:term":[{"taxonomy":"product_brand","embeddable":true,"href":"https:\/\/divainers.com\/et\/wp-json\/wp\/v2\/product_brand?post=11281"},{"taxonomy":"product_cat","embeddable":true,"href":"https:\/\/divainers.com\/et\/wp-json\/wp\/v2\/product_cat?post=11281"},{"taxonomy":"product_tag","embeddable":true,"href":"https:\/\/divainers.com\/et\/wp-json\/wp\/v2\/product_tag?post=11281"}],"curies":[{"name":"wp","href":"https:\/\/api.w.org\/{rel}","templated":true}]}}