{"id":1131,"date":"2025-01-31T08:33:30","date_gmt":"2025-01-31T07:33:30","guid":{"rendered":"https:\/\/divainers.com\/producto\/divain-396\/"},"modified":"2026-04-30T16:02:28","modified_gmt":"2026-04-30T14:02:28","slug":"divain-396","status":"publish","type":"product","link":"https:\/\/divainers.com\/et\/producto\/divain-396\/","title":{"rendered":"divain.396"},"content":{"rendered":"<p>Intenzivan i zavodljiv miris koji spaja dimnu dubinu s so\u010dnom slatko\u0107om tamne tre\u0161nje. Njegove za\u010dinske i drvenaste note donose sofisticirani i zavodljivi karakter, obavijen toplom i misterioznom aurom.<\/p>\n","protected":false},"excerpt":{"rendered":"<p>Podsje\u0107a na Cherry Smoke od Tom Ford<\/p>\n","protected":false},"featured_media":15421,"comment_status":"open","ping_status":"closed","template":"","meta":[],"product_brand":[],"product_cat":[4270],"product_tag":[1379],"class_list":{"0":"post-1131","1":"product","2":"type-product","3":"status-publish","4":"has-post-thumbnail","6":"product_cat-tom-ford","7":"product_tag-unisex","9":"first","10":"instock","11":"shipping-taxable","12":"product-type-simple"},"_links":{"self":[{"href":"https:\/\/divainers.com\/et\/wp-json\/wp\/v2\/product\/1131","targetHints":{"allow":["GET"]}}],"collection":[{"href":"https:\/\/divainers.com\/et\/wp-json\/wp\/v2\/product"}],"about":[{"href":"https:\/\/divainers.com\/et\/wp-json\/wp\/v2\/types\/product"}],"replies":[{"embeddable":true,"href":"https:\/\/divainers.com\/et\/wp-json\/wp\/v2\/comments?post=1131"}],"wp:featuredmedia":[{"embeddable":true,"href":"https:\/\/divainers.com\/et\/wp-json\/wp\/v2\/media\/15421"}],"wp:attachment":[{"href":"https:\/\/divainers.com\/et\/wp-json\/wp\/v2\/media?parent=1131"}],"wp:term":[{"taxonomy":"product_brand","embeddable":true,"href":"https:\/\/divainers.com\/et\/wp-json\/wp\/v2\/product_brand?post=1131"},{"taxonomy":"product_cat","embeddable":true,"href":"https:\/\/divainers.com\/et\/wp-json\/wp\/v2\/product_cat?post=1131"},{"taxonomy":"product_tag","embeddable":true,"href":"https:\/\/divainers.com\/et\/wp-json\/wp\/v2\/product_tag?post=1131"}],"curies":[{"name":"wp","href":"https:\/\/api.w.org\/{rel}","templated":true}]}}