{"id":1132,"date":"2025-01-31T08:33:30","date_gmt":"2025-01-31T07:33:30","guid":{"rendered":"https:\/\/divainers.com\/producto\/divain-444\/"},"modified":"2026-04-30T16:04:35","modified_gmt":"2026-04-30T14:04:35","slug":"divain-444","status":"publish","type":"product","link":"https:\/\/divainers.com\/et\/producto\/divain-444\/","title":{"rendered":"divain.444"},"content":{"rendered":"<p>Bogati i zagonetni miris koji odaje po\u010dast smirni u njenom najluksuznijem i najsvje\u017eijem izdanju. Otvaranje otkriva za\u010dinsku toplinu s smolastim i jantarastim nijansama koje obavijaju osjetila u misti\u010dnu i hipnoti\u010dku auru. U srcu se smirna spaja s tamjanom i plemenitim drve\u0107em, stvaraju\u0107i intenzivnu i sofisticiranu dubinu. Na kraju, mo\u0161usni i blago vanilijski zavr\u0161etak omek\u0161ava kompoziciju, ostavljaju\u0107i zavodljiv, tajanstven i dugotrajan trag. Magneti\u010dan i elegantan parfem, savr\u0161en za one koji tra\u017ee dubok, profinjen miris s nepokolebljivim karakterom.<\/p>\n","protected":false},"excerpt":{"rendered":"<p>Podsje\u0107a na Myrrhe Myst\u00e8re od Tom Ford<\/p>\n","protected":false},"featured_media":15457,"comment_status":"open","ping_status":"closed","template":"","meta":[],"product_brand":[],"product_cat":[4272],"product_tag":[1409],"class_list":{"0":"post-1132","1":"product","2":"type-product","3":"status-publish","4":"has-post-thumbnail","6":"product_cat-tom-ford","7":"product_tag-unisex","9":"first","10":"instock","11":"shipping-taxable","12":"product-type-simple"},"_links":{"self":[{"href":"https:\/\/divainers.com\/et\/wp-json\/wp\/v2\/product\/1132","targetHints":{"allow":["GET"]}}],"collection":[{"href":"https:\/\/divainers.com\/et\/wp-json\/wp\/v2\/product"}],"about":[{"href":"https:\/\/divainers.com\/et\/wp-json\/wp\/v2\/types\/product"}],"replies":[{"embeddable":true,"href":"https:\/\/divainers.com\/et\/wp-json\/wp\/v2\/comments?post=1132"}],"wp:featuredmedia":[{"embeddable":true,"href":"https:\/\/divainers.com\/et\/wp-json\/wp\/v2\/media\/15457"}],"wp:attachment":[{"href":"https:\/\/divainers.com\/et\/wp-json\/wp\/v2\/media?parent=1132"}],"wp:term":[{"taxonomy":"product_brand","embeddable":true,"href":"https:\/\/divainers.com\/et\/wp-json\/wp\/v2\/product_brand?post=1132"},{"taxonomy":"product_cat","embeddable":true,"href":"https:\/\/divainers.com\/et\/wp-json\/wp\/v2\/product_cat?post=1132"},{"taxonomy":"product_tag","embeddable":true,"href":"https:\/\/divainers.com\/et\/wp-json\/wp\/v2\/product_tag?post=1132"}],"curies":[{"name":"wp","href":"https:\/\/api.w.org\/{rel}","templated":true}]}}