{"id":1152,"date":"2025-01-31T08:33:32","date_gmt":"2025-01-31T07:33:32","guid":{"rendered":"https:\/\/divainers.com\/producto\/divain-696\/"},"modified":"2026-04-30T16:12:13","modified_gmt":"2026-04-30T14:12:13","slug":"divain-696","status":"publish","type":"product","link":"https:\/\/divainers.com\/et\/producto\/divain-696\/","title":{"rendered":"divain.696"},"content":{"rendered":"<p>To je bogat i zavodljiv miris koji spaja orijentalne i cvjetne note, stvaraju\u0107i senzualnu i rasko\u0161nu esenciju. Otvara se za\u010dinjenim i vo\u0107nim notama poput \u0161afrana i mandarine, koje se mije\u0161aju sa srcem od gardenije i ru\u017ee. Topla i obavijaju\u0107a baza od vanilije, jantara i sandalovine donosi osje\u0107aj misterije i luksuza. Elegantni i hrabri parfem, savr\u0161en za posebne prilike ili za one koji \u017eele miris s karakterom i sofisticirano\u0161\u0107u.<\/p>\n","protected":false},"excerpt":{"rendered":"<p>Podsje\u0107a na Noir pour Femme od Tom Ford<\/p>\n","protected":false},"featured_media":15665,"comment_status":"open","ping_status":"closed","template":"","meta":[],"product_brand":[],"product_cat":[4267],"product_tag":[1442],"class_list":{"0":"post-1152","1":"product","2":"type-product","3":"status-publish","4":"has-post-thumbnail","6":"product_cat-tom-ford","7":"product_tag-kobiety","9":"first","10":"instock","11":"shipping-taxable","12":"product-type-simple"},"_links":{"self":[{"href":"https:\/\/divainers.com\/et\/wp-json\/wp\/v2\/product\/1152","targetHints":{"allow":["GET"]}}],"collection":[{"href":"https:\/\/divainers.com\/et\/wp-json\/wp\/v2\/product"}],"about":[{"href":"https:\/\/divainers.com\/et\/wp-json\/wp\/v2\/types\/product"}],"replies":[{"embeddable":true,"href":"https:\/\/divainers.com\/et\/wp-json\/wp\/v2\/comments?post=1152"}],"wp:featuredmedia":[{"embeddable":true,"href":"https:\/\/divainers.com\/et\/wp-json\/wp\/v2\/media\/15665"}],"wp:attachment":[{"href":"https:\/\/divainers.com\/et\/wp-json\/wp\/v2\/media?parent=1152"}],"wp:term":[{"taxonomy":"product_brand","embeddable":true,"href":"https:\/\/divainers.com\/et\/wp-json\/wp\/v2\/product_brand?post=1152"},{"taxonomy":"product_cat","embeddable":true,"href":"https:\/\/divainers.com\/et\/wp-json\/wp\/v2\/product_cat?post=1152"},{"taxonomy":"product_tag","embeddable":true,"href":"https:\/\/divainers.com\/et\/wp-json\/wp\/v2\/product_tag?post=1152"}],"curies":[{"name":"wp","href":"https:\/\/api.w.org\/{rel}","templated":true}]}}