{"id":1154,"date":"2025-01-31T08:33:32","date_gmt":"2025-01-31T07:33:32","guid":{"rendered":"https:\/\/divainers.com\/producto\/divain-713\/"},"modified":"2026-04-30T16:12:24","modified_gmt":"2026-04-30T14:12:24","slug":"divain-713","status":"publish","type":"product","link":"https:\/\/divainers.com\/et\/producto\/divain-713\/","title":{"rendered":"divain.713"},"content":{"rendered":"<p>To je bogat i zavodljiv miris koji slavi jasmin u njegovom najrasko\u0161nijem obliku. Po\u010detne note otkrivaju senzualni i opojni jasmin, upotpunjen za\u010dinskim dodirom cimeta i papra, \u0161to mu daje toplu i za\u010dinjenu notu. U srcu se spajaju jasmin i cvijet naran\u010de na podlozi drva, jantara i vanilije, stvaraju\u0107i obavijaju\u0107u i luksuznu bazu. Ovaj miris odi\u0161e dubokom i sofisticiranom elegancijom, sa slatko\u0107om i toplinom koja ga \u010dini savr\u0161enim za posebne prilike ili za one koji tra\u017ee cvjetni miris s dozom misterije i zavodljivosti.<\/p>\n","protected":false},"excerpt":{"rendered":"<p>Podsje\u0107a na Jasmin Rouge od Tom Ford<\/p>\n","protected":false},"featured_media":15675,"comment_status":"open","ping_status":"closed","template":"","meta":[],"product_brand":[],"product_cat":[4267],"product_tag":[1434],"class_list":{"0":"post-1154","1":"product","2":"type-product","3":"status-publish","4":"has-post-thumbnail","6":"product_cat-tom-ford","7":"product_tag-zene","9":"first","10":"instock","11":"shipping-taxable","12":"product-type-simple"},"_links":{"self":[{"href":"https:\/\/divainers.com\/et\/wp-json\/wp\/v2\/product\/1154","targetHints":{"allow":["GET"]}}],"collection":[{"href":"https:\/\/divainers.com\/et\/wp-json\/wp\/v2\/product"}],"about":[{"href":"https:\/\/divainers.com\/et\/wp-json\/wp\/v2\/types\/product"}],"replies":[{"embeddable":true,"href":"https:\/\/divainers.com\/et\/wp-json\/wp\/v2\/comments?post=1154"}],"wp:featuredmedia":[{"embeddable":true,"href":"https:\/\/divainers.com\/et\/wp-json\/wp\/v2\/media\/15675"}],"wp:attachment":[{"href":"https:\/\/divainers.com\/et\/wp-json\/wp\/v2\/media?parent=1154"}],"wp:term":[{"taxonomy":"product_brand","embeddable":true,"href":"https:\/\/divainers.com\/et\/wp-json\/wp\/v2\/product_brand?post=1154"},{"taxonomy":"product_cat","embeddable":true,"href":"https:\/\/divainers.com\/et\/wp-json\/wp\/v2\/product_cat?post=1154"},{"taxonomy":"product_tag","embeddable":true,"href":"https:\/\/divainers.com\/et\/wp-json\/wp\/v2\/product_tag?post=1154"}],"curies":[{"name":"wp","href":"https:\/\/api.w.org\/{rel}","templated":true}]}}