{"id":1162,"date":"2025-01-31T08:33:34","date_gmt":"2025-01-31T07:33:34","guid":{"rendered":"https:\/\/divainers.com\/producto\/divain-864\/"},"modified":"2026-04-30T16:14:48","modified_gmt":"2026-04-30T14:14:48","slug":"divain-864","status":"publish","type":"product","link":"https:\/\/divainers.com\/et\/producto\/divain-864\/","title":{"rendered":"divain.864"},"content":{"rendered":"<p>Zamislite miris koji budi osjetila so\u010dnom slatko\u0107om zrele breskve, upotpunjen svje\u017einom krvavog naran\u010de i za\u010dinskim dodirom kardamoma. Kako se razvija, pojavljuju se tople i sofisticirane note ruma i konjaka, isprepletene s nje\u017eno\u0161\u0107u jasmina i egzoti\u010dnom davanom. U bazi, drvenasti i senzualni tonovi sandalovine, pa\u010dulija i vetivera stapaju se s utje\u0161nom slatko\u0107om vanilije i tonka graha, stvaraju\u0107i obavijaju\u0107i i dugotrajan trag. Ova kompozicija nudi jedinstveno mirisno iskustvo, savr\u0161eno za one koji tra\u017ee miris koji u harmoniji spaja slatko\u0107u, toplinu i sofisticiranost.<\/p>\n","protected":false},"excerpt":{"rendered":"<p>Podsje\u0107a na Bitter Peach od Tom Ford<\/p>\n","protected":false},"featured_media":15809,"comment_status":"open","ping_status":"closed","template":"","meta":[],"product_brand":[],"product_cat":[4254],"product_tag":[1410],"class_list":{"0":"post-1162","1":"product","2":"type-product","3":"status-publish","4":"has-post-thumbnail","6":"product_cat-tom-ford","7":"product_tag-uniseks","9":"first","10":"instock","11":"shipping-taxable","12":"product-type-simple"},"_links":{"self":[{"href":"https:\/\/divainers.com\/et\/wp-json\/wp\/v2\/product\/1162","targetHints":{"allow":["GET"]}}],"collection":[{"href":"https:\/\/divainers.com\/et\/wp-json\/wp\/v2\/product"}],"about":[{"href":"https:\/\/divainers.com\/et\/wp-json\/wp\/v2\/types\/product"}],"replies":[{"embeddable":true,"href":"https:\/\/divainers.com\/et\/wp-json\/wp\/v2\/comments?post=1162"}],"wp:featuredmedia":[{"embeddable":true,"href":"https:\/\/divainers.com\/et\/wp-json\/wp\/v2\/media\/15809"}],"wp:attachment":[{"href":"https:\/\/divainers.com\/et\/wp-json\/wp\/v2\/media?parent=1162"}],"wp:term":[{"taxonomy":"product_brand","embeddable":true,"href":"https:\/\/divainers.com\/et\/wp-json\/wp\/v2\/product_brand?post=1162"},{"taxonomy":"product_cat","embeddable":true,"href":"https:\/\/divainers.com\/et\/wp-json\/wp\/v2\/product_cat?post=1162"},{"taxonomy":"product_tag","embeddable":true,"href":"https:\/\/divainers.com\/et\/wp-json\/wp\/v2\/product_tag?post=1162"}],"curies":[{"name":"wp","href":"https:\/\/api.w.org\/{rel}","templated":true}]}}