{"id":11777,"date":"2025-01-31T08:33:27","date_gmt":"2025-01-31T07:33:27","guid":{"rendered":"https:\/\/divainers.com\/producto\/divain-781\/"},"modified":"2026-04-30T10:53:26","modified_gmt":"2026-04-30T08:53:26","slug":"divain-781","status":"publish","type":"product","link":"https:\/\/divainers.com\/et\/producto\/divain-781\/","title":{"rendered":"divain.781"},"content":{"rendered":"<p>See unisex l\u00f5hn algab v\u00fcrtsika ja tsitruselise avapoisiga, kus koriander ja k\u00f6\u00f6mned p\u00f5imuvad v\u00e4rskete nootidega, luues soojust ja rafineeritust. S\u00fcdames annavad seedripuu ja jasmiin puiduse ja lillelise elegantsi, kutsudes esile k\u00f5rbemaastike rahu. P\u00f5hjas lisavad pat\u0161uli, hall merevaik ja vaigud balsamilist ja maal\u00e4hedast s\u00fcgavust, peegeldades Maghrebi looduslikku rikkust. See kompositsioon, esitatud luksuslikus parf\u00fc\u00fcmiekstrakti kontsentratsioonis, pakub ainulaadset sensoorset kogemust, mis haarab k\u00f5rbese olemuse.<\/p>\n","protected":false},"excerpt":{"rendered":"<p>Tuletab meelde Au Coeur du D\u00e9sert by Tauer<\/p>\n","protected":false},"featured_media":11772,"comment_status":"open","ping_status":"closed","template":"","meta":[],"product_brand":[],"product_cat":[3469],"product_tag":[1409],"class_list":{"0":"post-11777","1":"product","2":"type-product","3":"status-publish","4":"has-post-thumbnail","6":"product_cat-tauer","7":"product_tag-unisex","9":"first","10":"instock","11":"shipping-taxable","12":"product-type-simple"},"_links":{"self":[{"href":"https:\/\/divainers.com\/et\/wp-json\/wp\/v2\/product\/11777","targetHints":{"allow":["GET"]}}],"collection":[{"href":"https:\/\/divainers.com\/et\/wp-json\/wp\/v2\/product"}],"about":[{"href":"https:\/\/divainers.com\/et\/wp-json\/wp\/v2\/types\/product"}],"replies":[{"embeddable":true,"href":"https:\/\/divainers.com\/et\/wp-json\/wp\/v2\/comments?post=11777"}],"wp:featuredmedia":[{"embeddable":true,"href":"https:\/\/divainers.com\/et\/wp-json\/wp\/v2\/media\/11772"}],"wp:attachment":[{"href":"https:\/\/divainers.com\/et\/wp-json\/wp\/v2\/media?parent=11777"}],"wp:term":[{"taxonomy":"product_brand","embeddable":true,"href":"https:\/\/divainers.com\/et\/wp-json\/wp\/v2\/product_brand?post=11777"},{"taxonomy":"product_cat","embeddable":true,"href":"https:\/\/divainers.com\/et\/wp-json\/wp\/v2\/product_cat?post=11777"},{"taxonomy":"product_tag","embeddable":true,"href":"https:\/\/divainers.com\/et\/wp-json\/wp\/v2\/product_tag?post=11777"}],"curies":[{"name":"wp","href":"https:\/\/api.w.org\/{rel}","templated":true}]}}