{"id":1218,"date":"2025-01-31T08:33:41","date_gmt":"2025-01-31T07:33:41","guid":{"rendered":"https:\/\/divainers.com\/producto\/divain-167\/"},"modified":"2026-04-30T15:57:57","modified_gmt":"2026-04-30T13:57:57","slug":"divain-167","status":"publish","type":"product","link":"https:\/\/divainers.com\/et\/producto\/divain-167\/","title":{"rendered":"divain.167"},"content":{"rendered":"<p>Zavodljiv i sofisticiran miris koji spaja senzualnost i misterij u zavodljivu aromu. Njegov \u017eivahan po\u010detak s so\u010dnom kru\u0161kom i ru\u017ei\u010dastim paprom budi osjetila s blistavim dodirom. U srcu se crna kava isprepli\u0107e s nje\u017eno\u0161\u0107u jasmina i cvijeta naran\u010de, stvaraju\u0107i neodoljiv kontrast izme\u0111u intenziteta i \u017eenstvenosti. U bazi, vanilija, cedar i pa\u010duli donose toplinu i dubinu, ostavljaju\u0107i sladak, zavodljiv i magnetski trag. Idealno za hrabru, elegantnu \u017eenu s no\u0107nim duhom koja ostavlja nezaboravan dojam.<\/p>\n","protected":false},"excerpt":{"rendered":"<p>Podsje\u0107a na Black Opium od Yves Saint Laurent<\/p>\n","protected":false},"featured_media":15233,"comment_status":"open","ping_status":"closed","template":"","meta":[],"product_brand":[],"product_cat":[2254],"product_tag":[1442],"class_list":{"0":"post-1218","1":"product","2":"type-product","3":"status-publish","4":"has-post-thumbnail","6":"product_cat-yves-saint-laurent","7":"product_tag-kobiety","9":"first","10":"instock","11":"shipping-taxable","12":"product-type-simple"},"_links":{"self":[{"href":"https:\/\/divainers.com\/et\/wp-json\/wp\/v2\/product\/1218","targetHints":{"allow":["GET"]}}],"collection":[{"href":"https:\/\/divainers.com\/et\/wp-json\/wp\/v2\/product"}],"about":[{"href":"https:\/\/divainers.com\/et\/wp-json\/wp\/v2\/types\/product"}],"replies":[{"embeddable":true,"href":"https:\/\/divainers.com\/et\/wp-json\/wp\/v2\/comments?post=1218"}],"wp:featuredmedia":[{"embeddable":true,"href":"https:\/\/divainers.com\/et\/wp-json\/wp\/v2\/media\/15233"}],"wp:attachment":[{"href":"https:\/\/divainers.com\/et\/wp-json\/wp\/v2\/media?parent=1218"}],"wp:term":[{"taxonomy":"product_brand","embeddable":true,"href":"https:\/\/divainers.com\/et\/wp-json\/wp\/v2\/product_brand?post=1218"},{"taxonomy":"product_cat","embeddable":true,"href":"https:\/\/divainers.com\/et\/wp-json\/wp\/v2\/product_cat?post=1218"},{"taxonomy":"product_tag","embeddable":true,"href":"https:\/\/divainers.com\/et\/wp-json\/wp\/v2\/product_tag?post=1218"}],"curies":[{"name":"wp","href":"https:\/\/api.w.org\/{rel}","templated":true}]}}